{"id":7396,"date":"2022-01-18T19:13:02","date_gmt":"2022-01-18T19:13:02","guid":{"rendered":"https:\/\/monbip.fr\/?post_type=product&#038;p=7396"},"modified":"2022-05-09T16:16:08","modified_gmt":"2022-05-09T16:16:08","slug":"telecommande-telcoma-edge-4","status":"publish","type":"product","link":"https:\/\/monbip.fr\/de\/produkt\/garagen-und-torfernbedienungen\/telecommande-telcoma-edge-4\/","title":{"rendered":"T\u00e9l\u00e9commande TELCOMA EDGE 4"},"content":{"rendered":"<p>Fr\u00e9quence : 433.92 MHz<br \/>\nNombre de boutons : 4<br \/>\nType de codage : Enregistrement dans le r\u00e9cepteur<br \/>\nType de pile : CR2016<br \/>\nDimensions : 73 x 35 x 7 mm<\/p>\n","protected":false},"excerpt":{"rendered":"<p>T\u00e9l\u00e9commande EDGE 4 \u00e0 4 canaux marque Telcoma, Fr\u00e9quence 433Mhz.<\/p>\n","protected":false},"featured_media":8060,"template":"","meta":[],"product_brand":[],"product_cat":[199],"product_tag":[],"class_list":{"0":"post-7396","1":"product","2":"type-product","3":"status-publish","4":"has-post-thumbnail","6":"product_cat-telecommandes-garage-et-portail","8":"first","9":"instock","10":"sale","11":"taxable","12":"shipping-taxable","13":"purchasable","14":"product-type-simple"},"_links":{"self":[{"href":"https:\/\/monbip.fr\/de\/wp-json\/wp\/v2\/product\/7396","targetHints":{"allow":["GET"]}}],"collection":[{"href":"https:\/\/monbip.fr\/de\/wp-json\/wp\/v2\/product"}],"about":[{"href":"https:\/\/monbip.fr\/de\/wp-json\/wp\/v2\/types\/product"}],"wp:featuredmedia":[{"embeddable":true,"href":"https:\/\/monbip.fr\/de\/wp-json\/wp\/v2\/media\/8060"}],"wp:attachment":[{"href":"https:\/\/monbip.fr\/de\/wp-json\/wp\/v2\/media?parent=7396"}],"wp:term":[{"taxonomy":"product_brand","embeddable":true,"href":"https:\/\/monbip.fr\/de\/wp-json\/wp\/v2\/product_brand?post=7396"},{"taxonomy":"product_cat","embeddable":true,"href":"https:\/\/monbip.fr\/de\/wp-json\/wp\/v2\/product_cat?post=7396"},{"taxonomy":"product_tag","embeddable":true,"href":"https:\/\/monbip.fr\/de\/wp-json\/wp\/v2\/product_tag?post=7396"}],"curies":[{"name":"wp","href":"https:\/\/api.w.org\/{rel}","templated":true}]}}