{"id":7398,"date":"2022-01-18T19:13:02","date_gmt":"2022-01-18T19:13:02","guid":{"rendered":"https:\/\/monbip.fr\/?post_type=product&#038;p=7398"},"modified":"2022-01-18T19:13:14","modified_gmt":"2022-01-18T19:13:14","slug":"telecommande-nice-smilo-sm2","status":"publish","type":"product","link":"https:\/\/monbip.fr\/de\/produkt\/garagen-und-torfernbedienungen\/telecommande-nice-smilo-sm2\/","title":{"rendered":"T\u00e9l\u00e9commande NICE SMILO SM2"},"content":{"rendered":"<p>T\u00e9l\u00e9commandes NICE SMILO 2 433,92 Mhz 2 canaux, l\u2019ancien mod\u00e8le SMILO couleur Bleue est compatible avec ce mod\u00e8le noir actuel<\/p>\n<p>Marque:NICE<\/p>\n<p>Mod\u00e8le: SMILO SM2<\/p>\n<p>Fr\u00e9quence: 433.92 MHz<\/p>\n<p>Nombre de boutons: 2<\/p>\n<p>Programmation: enregistrement dans le r\u00e9cepteur<\/p>\n<p>Type de pile: 12V<\/p>\n","protected":false},"excerpt":{"rendered":"<p>T\u00e9l\u00e9commandes NICE SMILO 2 433,92 Mhz 2 canaux<\/p>\n<p><span id=\"s2_1\">&#8211; Les t\u00e9l\u00e9commandes SMILO doivent \u00eatre m\u00e9moris\u00e9es directement sur le r\u00e9cepteur.<\/span><br \/>\n<span id=\"s2_2\">&#8211; L\u2019ancien mod\u00e8le SMILO (Couleur Bleue) est compatible avec ce mod\u00e8le (Noir actuel)<\/span><\/p>\n","protected":false},"featured_media":7450,"template":"","meta":[],"product_brand":[],"product_cat":[199],"product_tag":[151],"class_list":{"0":"post-7398","1":"product","2":"type-product","3":"status-publish","4":"has-post-thumbnail","6":"product_cat-telecommandes-garage-et-portail","7":"product_tag-nice","9":"first","10":"instock","11":"sale","12":"taxable","13":"shipping-taxable","14":"purchasable","15":"product-type-simple"},"_links":{"self":[{"href":"https:\/\/monbip.fr\/de\/wp-json\/wp\/v2\/product\/7398","targetHints":{"allow":["GET"]}}],"collection":[{"href":"https:\/\/monbip.fr\/de\/wp-json\/wp\/v2\/product"}],"about":[{"href":"https:\/\/monbip.fr\/de\/wp-json\/wp\/v2\/types\/product"}],"wp:featuredmedia":[{"embeddable":true,"href":"https:\/\/monbip.fr\/de\/wp-json\/wp\/v2\/media\/7450"}],"wp:attachment":[{"href":"https:\/\/monbip.fr\/de\/wp-json\/wp\/v2\/media?parent=7398"}],"wp:term":[{"taxonomy":"product_brand","embeddable":true,"href":"https:\/\/monbip.fr\/de\/wp-json\/wp\/v2\/product_brand?post=7398"},{"taxonomy":"product_cat","embeddable":true,"href":"https:\/\/monbip.fr\/de\/wp-json\/wp\/v2\/product_cat?post=7398"},{"taxonomy":"product_tag","embeddable":true,"href":"https:\/\/monbip.fr\/de\/wp-json\/wp\/v2\/product_tag?post=7398"}],"curies":[{"name":"wp","href":"https:\/\/api.w.org\/{rel}","templated":true}]}}