{"id":7403,"date":"2022-01-18T19:13:02","date_gmt":"2022-01-18T19:13:02","guid":{"rendered":"https:\/\/monbip.fr\/?post_type=product&#038;p=7403"},"modified":"2022-01-18T19:13:18","modified_gmt":"2022-01-18T19:13:18","slug":"selecteur-magnetique-came-sem-2","status":"publish","type":"product","link":"https:\/\/monbip.fr\/de\/produkt\/zubehoer-de\/selecteur-magnetique-came-sem-2\/","title":{"rendered":"S\u00c9LECTEUR MAGN\u00c9TIQUE CAME SEM-2"},"content":{"rendered":"<p>S\u00c9LECTEUR MAGN\u00c9TIQUE CAME SEM-2 POUR EXT\u00c9RIEUR.<\/p>\n<p>R\u00e9sistance aux tentatives de for\u00e7age et aux actes de vandalisme.<\/p>\n","protected":false},"excerpt":{"rendered":"<p>S\u00c9LECTEUR MAGN\u00c9TIQUE CAME SEM-2 POUR EXT\u00c9RIEUR.<\/p>\n<p>R\u00e9sistance aux tentatives de for\u00e7age et aux actes de vandalisme.<\/p>\n","protected":false},"featured_media":7465,"template":"","meta":[],"product_brand":[],"product_cat":[205],"product_tag":[201],"class_list":{"0":"post-7403","1":"product","2":"type-product","3":"status-publish","4":"has-post-thumbnail","6":"product_cat-accessoires","7":"product_tag-came","9":"first","10":"instock","11":"sale","12":"taxable","13":"shipping-taxable","14":"purchasable","15":"product-type-simple"},"_links":{"self":[{"href":"https:\/\/monbip.fr\/de\/wp-json\/wp\/v2\/product\/7403","targetHints":{"allow":["GET"]}}],"collection":[{"href":"https:\/\/monbip.fr\/de\/wp-json\/wp\/v2\/product"}],"about":[{"href":"https:\/\/monbip.fr\/de\/wp-json\/wp\/v2\/types\/product"}],"wp:featuredmedia":[{"embeddable":true,"href":"https:\/\/monbip.fr\/de\/wp-json\/wp\/v2\/media\/7465"}],"wp:attachment":[{"href":"https:\/\/monbip.fr\/de\/wp-json\/wp\/v2\/media?parent=7403"}],"wp:term":[{"taxonomy":"product_brand","embeddable":true,"href":"https:\/\/monbip.fr\/de\/wp-json\/wp\/v2\/product_brand?post=7403"},{"taxonomy":"product_cat","embeddable":true,"href":"https:\/\/monbip.fr\/de\/wp-json\/wp\/v2\/product_cat?post=7403"},{"taxonomy":"product_tag","embeddable":true,"href":"https:\/\/monbip.fr\/de\/wp-json\/wp\/v2\/product_tag?post=7403"}],"curies":[{"name":"wp","href":"https:\/\/api.w.org\/{rel}","templated":true}]}}