{"id":7416,"date":"2022-01-18T19:13:04","date_gmt":"2022-01-18T19:13:04","guid":{"rendered":"https:\/\/monbip.fr\/?post_type=product&#038;p=7416"},"modified":"2025-02-21T14:03:02","modified_gmt":"2025-02-21T12:03:02","slug":"moteur-hydraulique-aprimatic-zt44-sf","status":"publish","type":"product","link":"https:\/\/monbip.fr\/de\/produkt\/motorisierungen\/drehtorantriebe\/moteur-hydraulique-aprimatic-zt44-sf\/","title":{"rendered":"MOTEUR HYDRAULIQUE APRIMATIC ZT44 SF"},"content":{"rendered":"<p>Moteur hydraulique Aprimatic ZT44 SF 230Vdc pour portails \u00e0 un ou deux vantaux battants jusqu&#8217;\u00e0 4 m feuille.<\/p>\n<p>utilisation communautaire: jusqu&#8217;\u00e0 800 cycles \/ jour. Soupapes de s\u00e9curit\u00e9 anti-\u00e9crasement int\u00e9gr\u00e9es.<\/p>\n<p>Avec d\u00e9c\u00e9l\u00e9ration de la vitesse de fermeture.<\/p>\n<p><strong>Contient:<\/strong><br \/>\n1 Moteur ZT4 SF<br \/>\n1 Support post\u00e9rieur \u00e0 souder<br \/>\n1 Support ant\u00e9rieur \u00e0 souder<br \/>\n1 Condensateur 12.5 mF<br \/>\n1 Cl\u00e9\u00a0de d\u00e9verrouillage<br \/>\n1 Manuel d&#8217;installation<br \/>\nPas de serrure, vous avez besoin d&#8217;une serrure \u00e9lectrique.<\/p>\n","protected":false},"excerpt":{"rendered":"<p>MOTEUR HYDRAULIQUE APRIMATIC ZT44 SF pour une utilisation communautaire.<br \/>\nCe moteur a \u00e9t\u00e9 remplac\u00e9 par le nouveau mod\u00e8le Moteur hydraulique TWENTY 270 SF<br \/>\n<a href=\"https:\/\/monbip.fr\/produit\/motorisations\/motorisation-portail-battant\/moteur-hydraulique-aprimatic-twenty-270-sf\/\"><\/a><\/p>\n","protected":false},"featured_media":7429,"template":"","meta":[],"product_brand":[],"product_cat":[207,202],"product_tag":[],"class_list":{"0":"post-7416","1":"product","2":"type-product","3":"status-publish","4":"has-post-thumbnail","6":"product_cat-motorisation-portail-battant","7":"product_cat-motorisations","9":"first","10":"instock","11":"sale","12":"taxable","13":"shipping-taxable","14":"purchasable","15":"product-type-simple"},"_links":{"self":[{"href":"https:\/\/monbip.fr\/de\/wp-json\/wp\/v2\/product\/7416","targetHints":{"allow":["GET"]}}],"collection":[{"href":"https:\/\/monbip.fr\/de\/wp-json\/wp\/v2\/product"}],"about":[{"href":"https:\/\/monbip.fr\/de\/wp-json\/wp\/v2\/types\/product"}],"wp:featuredmedia":[{"embeddable":true,"href":"https:\/\/monbip.fr\/de\/wp-json\/wp\/v2\/media\/7429"}],"wp:attachment":[{"href":"https:\/\/monbip.fr\/de\/wp-json\/wp\/v2\/media?parent=7416"}],"wp:term":[{"taxonomy":"product_brand","embeddable":true,"href":"https:\/\/monbip.fr\/de\/wp-json\/wp\/v2\/product_brand?post=7416"},{"taxonomy":"product_cat","embeddable":true,"href":"https:\/\/monbip.fr\/de\/wp-json\/wp\/v2\/product_cat?post=7416"},{"taxonomy":"product_tag","embeddable":true,"href":"https:\/\/monbip.fr\/de\/wp-json\/wp\/v2\/product_tag?post=7416"}],"curies":[{"name":"wp","href":"https:\/\/api.w.org\/{rel}","templated":true}]}}