{"id":7487,"date":"2022-01-18T19:13:27","date_gmt":"2022-01-18T17:13:27","guid":{"rendered":"https:\/\/monbip.fr\/?post_type=product&#038;p=7487"},"modified":"2022-08-26T23:20:43","modified_gmt":"2022-08-26T21:20:43","slug":"kit-moteur-bft-virgo-smart-bt-a20-24v","status":"publish","type":"product","link":"https:\/\/monbip.fr\/de\/produkt\/tor-oder-garagenmotor-kit-de\/kit-moteur-bft-virgo-smart-bt-a20-24v\/","title":{"rendered":"Kit moteur BFT VIRGO SMART BT A20 24V"},"content":{"rendered":"<p><span class=\"goog-text-highlight\">Le kit comprend:<\/span><br \/>\n<span class=\"goog-text-highlight\">1 actionneur VIRGO SMART BT A20<\/span><br \/>\n<span class=\"goog-text-highlight\">1 actionneur VIRGO SMART BT A20 SLAVE<\/span><br \/>\n<span class=\"goog-text-highlight\">carte \u00e9lectronique THALIA<\/span><br \/>\n<span class=\"goog-text-highlight\">Paire de photocellules r\u00e9glables COMPACTA<\/span><br \/>\n<span class=\"goog-text-highlight\">Clignotant RADIUS B LTA 24 R1<\/span><br \/>\n<span class=\"goog-text-highlight\">Panneau de contr\u00f4le d&#8217;avertissement<\/span><br \/>\n<span class=\"goog-text-highlight\">S\u00e9lecteur \u00e0 cl\u00e9 externe Q.BO KEY WM\u00a0<\/span><br \/>\n<span class=\"goog-text-highlight\">T\u00e9l\u00e9commande \u00e0 code tournant MITTO B RCB04 R1<\/span><\/p>\n","protected":false},"excerpt":{"rendered":"<p><span class=\"\">Op\u00e9rateurs \u00e9lectrom\u00e9caniques irr\u00e9versibles \u00e0 bras articul\u00e9, pour\u00a0<\/span><span class=\"\">vantaux\u00a0<\/span><span class=\"\">jusqu&#8217;\u00e0 un poids maximum de 200 kg et 2 m\u00e8tres de longueur <span class=\"goog-text-highlight\">\u00e9quip\u00e9 d&#8217;une programmation d&#8217;affichage,\u00a0\u00a0<\/span><strong><span class=\"goog-text-highlight\">anti-\u00e9crasement.<\/span><\/strong><\/span><\/p>\n","protected":false},"featured_media":7529,"template":"","meta":[],"product_brand":[],"product_cat":[208],"product_tag":[],"class_list":{"0":"post-7487","1":"product","2":"type-product","3":"status-publish","4":"has-post-thumbnail","6":"product_cat-kit-moteur-portail-ou-garage","8":"first","9":"instock","10":"sale","11":"taxable","12":"shipping-taxable","13":"purchasable","14":"product-type-simple"},"_links":{"self":[{"href":"https:\/\/monbip.fr\/de\/wp-json\/wp\/v2\/product\/7487","targetHints":{"allow":["GET"]}}],"collection":[{"href":"https:\/\/monbip.fr\/de\/wp-json\/wp\/v2\/product"}],"about":[{"href":"https:\/\/monbip.fr\/de\/wp-json\/wp\/v2\/types\/product"}],"wp:featuredmedia":[{"embeddable":true,"href":"https:\/\/monbip.fr\/de\/wp-json\/wp\/v2\/media\/7529"}],"wp:attachment":[{"href":"https:\/\/monbip.fr\/de\/wp-json\/wp\/v2\/media?parent=7487"}],"wp:term":[{"taxonomy":"product_brand","embeddable":true,"href":"https:\/\/monbip.fr\/de\/wp-json\/wp\/v2\/product_brand?post=7487"},{"taxonomy":"product_cat","embeddable":true,"href":"https:\/\/monbip.fr\/de\/wp-json\/wp\/v2\/product_cat?post=7487"},{"taxonomy":"product_tag","embeddable":true,"href":"https:\/\/monbip.fr\/de\/wp-json\/wp\/v2\/product_tag?post=7487"}],"curies":[{"name":"wp","href":"https:\/\/api.w.org\/{rel}","templated":true}]}}