{"id":7488,"date":"2022-01-18T19:13:27","date_gmt":"2022-01-18T17:13:27","guid":{"rendered":"https:\/\/monbip.fr\/?post_type=product&#038;p=7488"},"modified":"2022-08-26T23:11:36","modified_gmt":"2022-08-26T21:11:36","slug":"kit-moteur-hydrauliques-irreversibles-bft-oro-230v","status":"publish","type":"product","link":"https:\/\/monbip.fr\/de\/produkt\/tor-oder-garagenmotor-kit-de\/kit-moteur-hydrauliques-irreversibles-bft-oro-230v\/","title":{"rendered":"Kit moteur hydrauliques irr\u00e9versibles BFT ORO 230V"},"content":{"rendered":"<p>Le kit comprend:<br \/>\n2 actionneurs hydrauliques ORO 230V<br \/>\n2 Groupes de supports pour l&#8217;ancrage<br \/>\nCarte \u00e9lectronique ALCOR N D113706<br \/>\nBo\u00eetier pour l&#8217;\u00e9lectronique<br \/>\nManuel d&#8217;installation<br \/>\nPaire de photocellules r\u00e9glables<br \/>\nClignotant RADIUS B LTA 230 R1<br \/>\nPanneau de contr\u00f4le d&#8217;avertissement<br \/>\nS\u00e9lecteur \u00e0 cl\u00e9 externe Q.BO KEY WM<br \/>\nT\u00e9l\u00e9commande \u00e0 code tournant MITTO B RCB04 R1<\/p>\n","protected":false},"excerpt":{"rendered":"<p><span class=\"goog-text-highlight\">Moteur hydrauliques pour <\/span><span class=\"goog-text-highlight\">vantaux pesant\u00a0<\/span><span class=\"goog-text-highlight\">jusqu&#8217;\u00e0 180 kg et d&#8217;une longueur maximale de 1,8 m pour une utilisation semi-intensive.<\/span><\/p>\n","protected":false},"featured_media":7532,"template":"","meta":[],"product_brand":[],"product_cat":[208],"product_tag":[],"class_list":{"0":"post-7488","1":"product","2":"type-product","3":"status-publish","4":"has-post-thumbnail","6":"product_cat-kit-moteur-portail-ou-garage","8":"first","9":"instock","10":"sale","11":"taxable","12":"shipping-taxable","13":"purchasable","14":"product-type-simple"},"_links":{"self":[{"href":"https:\/\/monbip.fr\/de\/wp-json\/wp\/v2\/product\/7488","targetHints":{"allow":["GET"]}}],"collection":[{"href":"https:\/\/monbip.fr\/de\/wp-json\/wp\/v2\/product"}],"about":[{"href":"https:\/\/monbip.fr\/de\/wp-json\/wp\/v2\/types\/product"}],"wp:featuredmedia":[{"embeddable":true,"href":"https:\/\/monbip.fr\/de\/wp-json\/wp\/v2\/media\/7532"}],"wp:attachment":[{"href":"https:\/\/monbip.fr\/de\/wp-json\/wp\/v2\/media?parent=7488"}],"wp:term":[{"taxonomy":"product_brand","embeddable":true,"href":"https:\/\/monbip.fr\/de\/wp-json\/wp\/v2\/product_brand?post=7488"},{"taxonomy":"product_cat","embeddable":true,"href":"https:\/\/monbip.fr\/de\/wp-json\/wp\/v2\/product_cat?post=7488"},{"taxonomy":"product_tag","embeddable":true,"href":"https:\/\/monbip.fr\/de\/wp-json\/wp\/v2\/product_tag?post=7488"}],"curies":[{"name":"wp","href":"https:\/\/api.w.org\/{rel}","templated":true}]}}