{"id":7489,"date":"2022-01-18T19:13:27","date_gmt":"2022-01-18T17:13:27","guid":{"rendered":"https:\/\/monbip.fr\/?post_type=product&#038;p=7489"},"modified":"2022-08-26T23:09:47","modified_gmt":"2022-08-26T21:09:47","slug":"kit-moteur-souterrains-bft-eli-250-n-bt","status":"publish","type":"product","link":"https:\/\/monbip.fr\/de\/produkt\/tor-oder-garagenmotor-kit-de\/kit-moteur-souterrains-bft-eli-250-n-bt\/","title":{"rendered":"KIT moteur souterrains BFT ELI 250 N BT"},"content":{"rendered":"<div><span style=\"font-size: large;\"><span style=\"font-family: Verdana;\">COMPOSITION DU KIT:<\/span><\/span><\/div>\n<div><span style=\"font-family: Verdana; font-size: large;\">2<\/span><span style=\"font-family: Verdana; font-size: large;\">\u00a0Moteur\u00a0<\/span><span style=\"font-family: Verdana; font-size: large;\">ELI 250 BT\u00a0<\/span><span style=\"font-family: Verdana; font-size: large;\">\u00a0P930125 00001<\/span><\/div>\n<div><span style=\"font-family: Verdana; font-size: large;\">2 leviers de d\u00e9verrouillage d&#8217;urgence SCC<br \/>\nCarte \u00e9lectronique THALIA LIGHT<br \/>\nPaire de photocellules COMPACTA<br \/>\nLampe clignotante RADIUS B LTA 24V R1 1<br \/>\nS\u00e9lecteur \u00e0 cl\u00e9 externe Q.BO KEY WM<br \/>\nT\u00e9l\u00e9commande \u00e0 code tournant MITTO B RCB04 R1<\/span><\/div>\n","protected":false},"excerpt":{"rendered":"<p><span class=\"\">Moteur \u00e9lectrom\u00e9caniques souterrains 230V BFT ELI 250 N pour portails battants jusqu&#8217;\u00e0 400 kg et 3,5 m de long. <\/span><span class=\"goog-text-highlight\">Convient pour un usage semi-intensif,<\/span><\/p>\n","protected":false},"featured_media":7535,"template":"","meta":[],"product_brand":[],"product_cat":[208],"product_tag":[],"class_list":{"0":"post-7489","1":"product","2":"type-product","3":"status-publish","4":"has-post-thumbnail","6":"product_cat-kit-moteur-portail-ou-garage","8":"first","9":"instock","10":"sale","11":"taxable","12":"shipping-taxable","13":"purchasable","14":"product-type-simple"},"_links":{"self":[{"href":"https:\/\/monbip.fr\/de\/wp-json\/wp\/v2\/product\/7489","targetHints":{"allow":["GET"]}}],"collection":[{"href":"https:\/\/monbip.fr\/de\/wp-json\/wp\/v2\/product"}],"about":[{"href":"https:\/\/monbip.fr\/de\/wp-json\/wp\/v2\/types\/product"}],"wp:featuredmedia":[{"embeddable":true,"href":"https:\/\/monbip.fr\/de\/wp-json\/wp\/v2\/media\/7535"}],"wp:attachment":[{"href":"https:\/\/monbip.fr\/de\/wp-json\/wp\/v2\/media?parent=7489"}],"wp:term":[{"taxonomy":"product_brand","embeddable":true,"href":"https:\/\/monbip.fr\/de\/wp-json\/wp\/v2\/product_brand?post=7489"},{"taxonomy":"product_cat","embeddable":true,"href":"https:\/\/monbip.fr\/de\/wp-json\/wp\/v2\/product_cat?post=7489"},{"taxonomy":"product_tag","embeddable":true,"href":"https:\/\/monbip.fr\/de\/wp-json\/wp\/v2\/product_tag?post=7489"}],"curies":[{"name":"wp","href":"https:\/\/api.w.org\/{rel}","templated":true}]}}