{"id":7493,"date":"2022-01-18T19:13:27","date_gmt":"2022-01-18T17:13:27","guid":{"rendered":"https:\/\/monbip.fr\/?post_type=product&#038;p=7493"},"modified":"2024-01-17T17:22:10","modified_gmt":"2024-01-17T15:22:10","slug":"kit-moteur-bft-deimos-ultra-bt-a400","status":"publish","type":"product","link":"https:\/\/monbip.fr\/de\/produkt\/tor-oder-garagenmotor-kit-de\/kit-moteur-bft-deimos-ultra-bt-a400\/","title":{"rendered":"KIT MOTEUR BFT DEIMOS ULTRA BT A400"},"content":{"rendered":"<p><strong>Le kit contient:<\/strong><br \/>\nMoteur Deimos ULTRA Bt A400<br \/>\nCarte \u00e9lectronique MERAK 400<br \/>\n4 m cr\u00e9maill\u00e8re en nylon avec l&#8217;\u00e2me en acier<br \/>\nPlaque de fixation au sol<br \/>\nGroupe de fin de course magn\u00e9tiques ouverture et fermeture<br \/>\nManuel d&#8217;installation<br \/>\nPaire de photocellules orientables COMPACTA<br \/>\nClignotant RADIUS B LTA 24 R1<br \/>\nS\u00e9lecteur \u00e0 cl\u00e9 pour l&#8217;ext\u00e9rieur Q.BO KEY WM<br \/>\nT\u00e9l\u00e9commande rolling code MITTO B RCB04 R1<\/p>\n","protected":false},"excerpt":{"rendered":"<p><strong>Moteur BFT DEIMOS ULTRA BT KIT A400 pour portails coulissants avec un poids max de 400 Kg. Motorisation 24V \u00e0 usage intensif.<\/strong><\/p>\n","protected":false},"featured_media":7547,"template":"","meta":[],"product_brand":[],"product_cat":[208],"product_tag":[],"class_list":{"0":"post-7493","1":"product","2":"type-product","3":"status-publish","4":"has-post-thumbnail","6":"product_cat-kit-moteur-portail-ou-garage","8":"first","9":"instock","10":"sale","11":"featured","12":"taxable","13":"shipping-taxable","14":"purchasable","15":"product-type-simple"},"_links":{"self":[{"href":"https:\/\/monbip.fr\/de\/wp-json\/wp\/v2\/product\/7493","targetHints":{"allow":["GET"]}}],"collection":[{"href":"https:\/\/monbip.fr\/de\/wp-json\/wp\/v2\/product"}],"about":[{"href":"https:\/\/monbip.fr\/de\/wp-json\/wp\/v2\/types\/product"}],"wp:featuredmedia":[{"embeddable":true,"href":"https:\/\/monbip.fr\/de\/wp-json\/wp\/v2\/media\/7547"}],"wp:attachment":[{"href":"https:\/\/monbip.fr\/de\/wp-json\/wp\/v2\/media?parent=7493"}],"wp:term":[{"taxonomy":"product_brand","embeddable":true,"href":"https:\/\/monbip.fr\/de\/wp-json\/wp\/v2\/product_brand?post=7493"},{"taxonomy":"product_cat","embeddable":true,"href":"https:\/\/monbip.fr\/de\/wp-json\/wp\/v2\/product_cat?post=7493"},{"taxonomy":"product_tag","embeddable":true,"href":"https:\/\/monbip.fr\/de\/wp-json\/wp\/v2\/product_tag?post=7493"}],"curies":[{"name":"wp","href":"https:\/\/api.w.org\/{rel}","templated":true}]}}