{"id":7495,"date":"2022-01-18T19:13:27","date_gmt":"2022-01-18T17:13:27","guid":{"rendered":"https:\/\/monbip.fr\/?post_type=product&#038;p=7495"},"modified":"2023-09-03T11:50:42","modified_gmt":"2023-09-03T09:50:42","slug":"kit-moteur-bft-deimos-ac-a600-230v","status":"publish","type":"product","link":"https:\/\/monbip.fr\/de\/produkt\/tor-oder-garagenmotor-kit-de\/kit-moteur-bft-deimos-ac-a600-230v\/","title":{"rendered":"KIT MOTEUR BFT DEIMOS AC A600 230V"},"content":{"rendered":"<p><strong>Le kit contient:<\/strong><br \/>\nMotor\u00e9ducteur Deimos AC\u00a0 A600<br \/>\nCarte \u00e9lectronique SHYRA\u00a0 AC<br \/>\nPlaque de fixation au sol<br \/>\nGroupe de fin-course m\u00e9canique ouverture et fermeture<br \/>\nManuel d&#8217;installation<br \/>\nPaire de photocellules DESME A15<br \/>\nFeu clignotant RADIUS B LTA 24 R1<br \/>\nS\u00e9lecteur \u00e0 cl\u00e9 pour l&#8217;ext\u00e9rieur Q.BO KEY WM<br \/>\nT\u00e9l\u00e9commande rolling code MITTO B RCB04 R1<\/p>\n","protected":false},"excerpt":{"rendered":"<p>KIT MOTEUR BFT DEIMOS AC A600 230V pour portails coulissants \u00e0 usage demi-intensif r\u00e9sidentiel, pour portails jusqu&#8217;\u00e0 un max de 600 kg<\/p>\n","protected":false},"featured_media":7553,"template":"","meta":[],"product_brand":[],"product_cat":[208],"product_tag":[],"class_list":{"0":"post-7495","1":"product","2":"type-product","3":"status-publish","4":"has-post-thumbnail","6":"product_cat-kit-moteur-portail-ou-garage","8":"first","9":"instock","10":"sale","11":"featured","12":"taxable","13":"shipping-taxable","14":"purchasable","15":"product-type-simple"},"_links":{"self":[{"href":"https:\/\/monbip.fr\/de\/wp-json\/wp\/v2\/product\/7495","targetHints":{"allow":["GET"]}}],"collection":[{"href":"https:\/\/monbip.fr\/de\/wp-json\/wp\/v2\/product"}],"about":[{"href":"https:\/\/monbip.fr\/de\/wp-json\/wp\/v2\/types\/product"}],"wp:featuredmedia":[{"embeddable":true,"href":"https:\/\/monbip.fr\/de\/wp-json\/wp\/v2\/media\/7553"}],"wp:attachment":[{"href":"https:\/\/monbip.fr\/de\/wp-json\/wp\/v2\/media?parent=7495"}],"wp:term":[{"taxonomy":"product_brand","embeddable":true,"href":"https:\/\/monbip.fr\/de\/wp-json\/wp\/v2\/product_brand?post=7495"},{"taxonomy":"product_cat","embeddable":true,"href":"https:\/\/monbip.fr\/de\/wp-json\/wp\/v2\/product_cat?post=7495"},{"taxonomy":"product_tag","embeddable":true,"href":"https:\/\/monbip.fr\/de\/wp-json\/wp\/v2\/product_tag?post=7495"}],"curies":[{"name":"wp","href":"https:\/\/api.w.org\/{rel}","templated":true}]}}