{"id":7507,"date":"2022-01-18T19:13:28","date_gmt":"2022-01-18T19:13:28","guid":{"rendered":"https:\/\/monbip.fr\/?post_type=product&#038;p=7507"},"modified":"2022-01-18T19:13:56","modified_gmt":"2022-01-18T19:13:56","slug":"telecommande-liftmaster-tx4unis","status":"publish","type":"product","link":"https:\/\/monbip.fr\/de\/produkt\/garagen-und-torfernbedienungen\/telecommande-liftmaster-tx4unis\/","title":{"rendered":"T\u00e9l\u00e9commande LIFTMASTER TX4UNIS"},"content":{"rendered":"<p>Caract\u00e9ristiques techniques:<br \/>\nFr\u00e9quence 433 MHz<br \/>\nPile 3V CR2032<br \/>\nporte-cl\u00e9s inclus<br \/>\nLED de batterie blanche<br \/>\nPoids: 22 g<br \/>\nDimensions: 70 x 30 x 12 mm<br \/>\nAnneau inclus porte-cl\u00e9s<br \/>\nLa couleur noire<\/p>\n","protected":false},"excerpt":{"rendered":"<p>Cette t\u00e9l\u00e9commande remplace les t\u00e9l\u00e9commandes 433 MHz (TX4UNI, 94330E, 94333E, 94335E, 94334E, 4330E, 4333E, 4335E).<\/p>\n","protected":false},"featured_media":7620,"template":"","meta":[],"product_brand":[],"product_cat":[199],"product_tag":[],"class_list":{"0":"post-7507","1":"product","2":"type-product","3":"status-publish","4":"has-post-thumbnail","6":"product_cat-telecommandes-garage-et-portail","8":"first","9":"instock","10":"sale","11":"taxable","12":"shipping-taxable","13":"purchasable","14":"product-type-simple"},"_links":{"self":[{"href":"https:\/\/monbip.fr\/de\/wp-json\/wp\/v2\/product\/7507","targetHints":{"allow":["GET"]}}],"collection":[{"href":"https:\/\/monbip.fr\/de\/wp-json\/wp\/v2\/product"}],"about":[{"href":"https:\/\/monbip.fr\/de\/wp-json\/wp\/v2\/types\/product"}],"wp:featuredmedia":[{"embeddable":true,"href":"https:\/\/monbip.fr\/de\/wp-json\/wp\/v2\/media\/7620"}],"wp:attachment":[{"href":"https:\/\/monbip.fr\/de\/wp-json\/wp\/v2\/media?parent=7507"}],"wp:term":[{"taxonomy":"product_brand","embeddable":true,"href":"https:\/\/monbip.fr\/de\/wp-json\/wp\/v2\/product_brand?post=7507"},{"taxonomy":"product_cat","embeddable":true,"href":"https:\/\/monbip.fr\/de\/wp-json\/wp\/v2\/product_cat?post=7507"},{"taxonomy":"product_tag","embeddable":true,"href":"https:\/\/monbip.fr\/de\/wp-json\/wp\/v2\/product_tag?post=7507"}],"curies":[{"name":"wp","href":"https:\/\/api.w.org\/{rel}","templated":true}]}}