{"id":7585,"date":"2022-01-18T19:13:50","date_gmt":"2022-01-18T19:13:50","guid":{"rendered":"https:\/\/monbip.fr\/?post_type=product&#038;p=7585"},"modified":"2022-01-18T19:14:01","modified_gmt":"2022-01-18T19:14:01","slug":"kit-botticelli-smart-bt-a1250-24v","status":"publish","type":"product","link":"https:\/\/monbip.fr\/de\/produkt\/tor-oder-garagenmotor-kit-de\/kit-botticelli-smart-bt-a1250-24v\/","title":{"rendered":"KIT BOTTICELLI SMART BT A1250 24V"},"content":{"rendered":"<p>KIT complet 24V pour portes de garage sectionnelles ou basculantes \u00e0 ressort avec force de traction de 120 Kg (1250N) et pour une utilisation tr\u00e8s intense.<br \/>\nSurface maximum de la porte: 16m\u00b2.<br \/>\nVitesse d&#8217;ouverture: 4,5m\/min.<br \/>\nRail: 2 X 1450mm, \u00e0 chaine.<br \/>\nType de fin de course : codeur + but\u00e9e m\u00e9canique en ouverture<br \/>\nRalentissement : oui<br \/>\nR\u00e9action \u00e0 l&#8217;impact : D-TRACK<br \/>\nBlocage : m\u00e9canique<\/p>\n","protected":false},"excerpt":{"rendered":"<p>Op\u00e9rateur 24 V pour portes de garage sectionnelles avec une force de traction de 120 kg et une utilisation intensive. Surface de la porte max 16 m\u00b2. Vitesse d&#8217;ouverture 190 mm \/ sec.<\/p>\n<p>Moteurs rapides et puissants: ouvertures rapides pour minimiser les temps d&#8217;attente et utilisation intensive de l&#8217;automatisation pour chaque type d&#8217;exigence<\/p>\n<p>Installation m\u00e9canique simplifi\u00e9e: \u00e9galement par une seule personne, et installation imm\u00e9diate gr\u00e2ce \u00e0 la nouvelle proc\u00e9dure d&#8217;autoconfiguration rapide.<\/p>\n","protected":false},"featured_media":7644,"template":"","meta":[],"product_brand":[],"product_cat":[208],"product_tag":[],"class_list":{"0":"post-7585","1":"product","2":"type-product","3":"status-publish","4":"has-post-thumbnail","6":"product_cat-kit-moteur-portail-ou-garage","8":"first","9":"instock","10":"sale","11":"taxable","12":"shipping-taxable","13":"purchasable","14":"product-type-simple"},"_links":{"self":[{"href":"https:\/\/monbip.fr\/de\/wp-json\/wp\/v2\/product\/7585","targetHints":{"allow":["GET"]}}],"collection":[{"href":"https:\/\/monbip.fr\/de\/wp-json\/wp\/v2\/product"}],"about":[{"href":"https:\/\/monbip.fr\/de\/wp-json\/wp\/v2\/types\/product"}],"wp:featuredmedia":[{"embeddable":true,"href":"https:\/\/monbip.fr\/de\/wp-json\/wp\/v2\/media\/7644"}],"wp:attachment":[{"href":"https:\/\/monbip.fr\/de\/wp-json\/wp\/v2\/media?parent=7585"}],"wp:term":[{"taxonomy":"product_brand","embeddable":true,"href":"https:\/\/monbip.fr\/de\/wp-json\/wp\/v2\/product_brand?post=7585"},{"taxonomy":"product_cat","embeddable":true,"href":"https:\/\/monbip.fr\/de\/wp-json\/wp\/v2\/product_cat?post=7585"},{"taxonomy":"product_tag","embeddable":true,"href":"https:\/\/monbip.fr\/de\/wp-json\/wp\/v2\/product_tag?post=7585"}],"curies":[{"name":"wp","href":"https:\/\/api.w.org\/{rel}","templated":true}]}}