{"id":7594,"date":"2022-01-18T19:13:51","date_gmt":"2022-01-18T19:13:51","guid":{"rendered":"https:\/\/monbip.fr\/?post_type=product&#038;p=7594"},"modified":"2026-02-06T00:49:27","modified_gmt":"2026-02-05T22:49:27","slug":"telecommande-doitrand-tx4de","status":"publish","type":"product","link":"https:\/\/monbip.fr\/de\/produkt\/garagen-und-torfernbedienungen\/telecommande-doitrand-tx4de\/","title":{"rendered":"T\u00e9l\u00e9commande DOITRAND TX4DE"},"content":{"rendered":"<p>Couleur boitier\u00a0 Gris<\/p>\n<p>Touches \/ Canaux\u00a0 4<\/p>\n<p>Couleur des touches\u00a0 \u00a0Blanche<\/p>\n<p>Fr\u00e9quence\u00a0 \u00a0433,920 MHz<\/p>\n<p>Programmation\u00a0 Switch codage (10 switch)<\/p>\n<p>Pile \/ alimentation\u00a0 CR2032<\/p>\n","protected":false},"excerpt":{"rendered":"<p>Cette T\u00e9l\u00e9commande DOITRAND TX4DE\u00a0 remplace les mod\u00e8les TS2DE et TS4DE.<br \/>\n&#8211; Compatible avec le nouveau r\u00e9cepteur DOITRAND depuis 2018 (enregistrement de la t\u00e9l\u00e9commande sur le r\u00e9cepteur radio)<br \/>\n&#8211; Compatible avec les installations avant 2018 en utilisant les mini-interrupteurs au dos de la t\u00e9l\u00e9commande.<\/p>\n","protected":false},"featured_media":7689,"template":"","meta":[],"product_brand":[],"product_cat":[199],"product_tag":[],"class_list":{"0":"post-7594","1":"product","2":"type-product","3":"status-publish","4":"has-post-thumbnail","6":"product_cat-telecommandes-garage-et-portail","8":"first","9":"instock","10":"sale","11":"featured","12":"taxable","13":"shipping-taxable","14":"purchasable","15":"product-type-simple"},"_links":{"self":[{"href":"https:\/\/monbip.fr\/de\/wp-json\/wp\/v2\/product\/7594","targetHints":{"allow":["GET"]}}],"collection":[{"href":"https:\/\/monbip.fr\/de\/wp-json\/wp\/v2\/product"}],"about":[{"href":"https:\/\/monbip.fr\/de\/wp-json\/wp\/v2\/types\/product"}],"wp:featuredmedia":[{"embeddable":true,"href":"https:\/\/monbip.fr\/de\/wp-json\/wp\/v2\/media\/7689"}],"wp:attachment":[{"href":"https:\/\/monbip.fr\/de\/wp-json\/wp\/v2\/media?parent=7594"}],"wp:term":[{"taxonomy":"product_brand","embeddable":true,"href":"https:\/\/monbip.fr\/de\/wp-json\/wp\/v2\/product_brand?post=7594"},{"taxonomy":"product_cat","embeddable":true,"href":"https:\/\/monbip.fr\/de\/wp-json\/wp\/v2\/product_cat?post=7594"},{"taxonomy":"product_tag","embeddable":true,"href":"https:\/\/monbip.fr\/de\/wp-json\/wp\/v2\/product_tag?post=7594"}],"curies":[{"name":"wp","href":"https:\/\/api.w.org\/{rel}","templated":true}]}}