{"id":7733,"date":"2022-01-18T19:13:50","date_gmt":"2022-01-18T19:13:50","guid":{"rendered":"https:\/\/monbip.fr\/product\/fadini-fit-55-fotozelle\/"},"modified":"2022-08-26T19:17:56","modified_gmt":"2022-08-26T17:17:56","slug":"fadini-fit-55-fotozelle","status":"publish","type":"product","link":"https:\/\/monbip.fr\/de\/produkt\/fotozellen\/fadini-fit-55-fotozelle\/","title":{"rendered":"FADINI FIT 55 FOTOZELLE"},"content":{"rendered":"<p>Datenblatt<br \/>\nModulierte Lichtfrequenz 1100 Hz<br \/>\nStromversorgung 12V oder 24Vac \/ dc<br \/>\nProjektoraufnahme 26 mA<br \/>\nStromaufnahme des Empf\u00e4ngers 28 mA<br \/>\nBetriebstemperatur \u201320\u00b0C +70\u00b0C<br \/>\nAusgangskontakt 1 A &#8211; 125 V &#8211; 60 VA max<br \/>\nKapazit\u00e4t 20\/30m<br \/>\nHinderniswarnzeit 6 ms<br \/>\nSchutzart IP 55<\/p>\n","protected":false},"excerpt":{"rendered":"<p>FADINI FIT 55 mit einer Kapazit\u00e4t von 20 m. Gr\u00f6\u00dfere Kapazit\u00e4t in der Version FIT 55 PLUS: 30 m<\/p>\n","protected":false},"featured_media":7634,"template":"","meta":[],"product_brand":[],"product_cat":[230,210],"product_tag":[],"class_list":{"0":"post-7733","1":"product","2":"type-product","3":"status-publish","4":"has-post-thumbnail","6":"product_cat-fotozellen","7":"product_cat-photocellules","9":"first","10":"instock","11":"sale","12":"taxable","13":"shipping-taxable","14":"purchasable","15":"product-type-simple"},"_links":{"self":[{"href":"https:\/\/monbip.fr\/de\/wp-json\/wp\/v2\/product\/7733","targetHints":{"allow":["GET"]}}],"collection":[{"href":"https:\/\/monbip.fr\/de\/wp-json\/wp\/v2\/product"}],"about":[{"href":"https:\/\/monbip.fr\/de\/wp-json\/wp\/v2\/types\/product"}],"wp:featuredmedia":[{"embeddable":true,"href":"https:\/\/monbip.fr\/de\/wp-json\/wp\/v2\/media\/7634"}],"wp:attachment":[{"href":"https:\/\/monbip.fr\/de\/wp-json\/wp\/v2\/media?parent=7733"}],"wp:term":[{"taxonomy":"product_brand","embeddable":true,"href":"https:\/\/monbip.fr\/de\/wp-json\/wp\/v2\/product_brand?post=7733"},{"taxonomy":"product_cat","embeddable":true,"href":"https:\/\/monbip.fr\/de\/wp-json\/wp\/v2\/product_cat?post=7733"},{"taxonomy":"product_tag","embeddable":true,"href":"https:\/\/monbip.fr\/de\/wp-json\/wp\/v2\/product_tag?post=7733"}],"curies":[{"name":"wp","href":"https:\/\/api.w.org\/{rel}","templated":true}]}}