{"id":7735,"date":"2022-01-18T19:13:51","date_gmt":"2022-01-18T19:13:51","guid":{"rendered":"https:\/\/monbip.fr\/product\/aprimatic-at50-b7-hydraulikantrieb\/"},"modified":"2022-08-26T19:10:37","modified_gmt":"2022-08-26T17:10:37","slug":"aprimatic-at50-b7-hydraulikantrieb","status":"publish","type":"product","link":"https:\/\/monbip.fr\/de\/produkt\/motorisierungen\/drehtorantriebe\/aprimatic-at50-b7-hydraulikantrieb\/","title":{"rendered":"APRIMATIC AT50 B7 HYDRAULIKANTRIEB"},"content":{"rendered":"<p>TECHNISCHE DATEN:<br \/>\nNETZVERSORGUNG: 230 V &#8211; 50 Hz<br \/>\nNENNMOMENT BEI 40 BAR: 320 Nm<br \/>\nLEINWANDGR\u00d6SSE: 3,5 x 3 m<br \/>\nSCHUTZINDEX: IP53<br \/>\nAUFNAHMELEISTUNG: 250 W<br \/>\nBETRIEBSTEMPERATUR: -20\u00b0+60\u00b0C<br \/>\n\u00d6FFNUNGSZEIT: ca. 13 s<br \/>\nMAXIMALER DRUCK EINSATZ: 40 bar<br \/>\nPUMPENFLUSS1 l\/min<br \/>\n\u00d6LMENGE: 1,3 L<br \/>\nGEWICHT MIT \u00d6L: 13 kg<br \/>\n\u00d6LART: AprimOil<\/p>\n","protected":false},"excerpt":{"rendered":"<p>Hydraulischer Antrieb f\u00fcr Sektionaltore. Wohn-, Gemeinschafts- und Industrienutzung.<br \/>\nIdeal f\u00fcr schwere Anwendungen und f\u00fcr gro\u00dfe Sektionaltore<\/p>\n","protected":false},"featured_media":7697,"template":"","meta":[],"product_brand":[],"product_cat":[224,222],"product_tag":[],"class_list":{"0":"post-7735","1":"product","2":"type-product","3":"status-publish","4":"has-post-thumbnail","6":"product_cat-drehtorantriebe","7":"product_cat-motorisierungen","9":"first","10":"outofstock","11":"taxable","12":"shipping-taxable","13":"product-type-simple"},"_links":{"self":[{"href":"https:\/\/monbip.fr\/de\/wp-json\/wp\/v2\/product\/7735","targetHints":{"allow":["GET"]}}],"collection":[{"href":"https:\/\/monbip.fr\/de\/wp-json\/wp\/v2\/product"}],"about":[{"href":"https:\/\/monbip.fr\/de\/wp-json\/wp\/v2\/types\/product"}],"wp:featuredmedia":[{"embeddable":true,"href":"https:\/\/monbip.fr\/de\/wp-json\/wp\/v2\/media\/7697"}],"wp:attachment":[{"href":"https:\/\/monbip.fr\/de\/wp-json\/wp\/v2\/media?parent=7735"}],"wp:term":[{"taxonomy":"product_brand","embeddable":true,"href":"https:\/\/monbip.fr\/de\/wp-json\/wp\/v2\/product_brand?post=7735"},{"taxonomy":"product_cat","embeddable":true,"href":"https:\/\/monbip.fr\/de\/wp-json\/wp\/v2\/product_cat?post=7735"},{"taxonomy":"product_tag","embeddable":true,"href":"https:\/\/monbip.fr\/de\/wp-json\/wp\/v2\/product_tag?post=7735"}],"curies":[{"name":"wp","href":"https:\/\/api.w.org\/{rel}","templated":true}]}}