{"id":7751,"date":"2022-01-18T19:13:28","date_gmt":"2022-01-18T19:13:28","guid":{"rendered":"https:\/\/monbip.fr\/product\/universalsteuerung-go30\/"},"modified":"2022-08-26T19:23:35","modified_gmt":"2022-08-26T17:23:35","slug":"universalsteuerung-go30","status":"publish","type":"product","link":"https:\/\/monbip.fr\/de\/produkt\/schaltschraenke-de\/universalsteuerung-go30\/","title":{"rendered":"Universalsteuerung GO30"},"content":{"rendered":"<p>Eigenschaften:<br \/>\nBedienfeld zur Steuerung von Einphasen- und Drehstrommotoren<br \/>\nEin Einzelpanel-Modell f\u00fcr 230-V- oder 380-V-Stromversorgung<br \/>\nF\u00fcr max. 1,5 PS Motor<br \/>\nExterne Drucktasten zum \u00d6ffnen\/Schlie\u00dfen und Stoppen<br \/>\nAmpelkarte und Empfangskarte optional<br \/>\nAbnehmbare Poller<br \/>\nIP20<br \/>\nAbmessungen der Box 23 x 32 x 10 cm<\/p>\n","protected":false},"excerpt":{"rendered":"<p>Einphasige oder dreiphasige Steuertafel GO30 f\u00fcr den privaten, kommunalen und industriellen Einsatz. Vorgesehen f\u00fcr die Automatisierung von Schwing-, Schiebe-, Kipp-, Roll-, Faltt\u00fcren und Schranken.<\/p>\n","protected":false},"featured_media":7619,"template":"","meta":[],"product_brand":[],"product_cat":[200,216],"product_tag":[],"class_list":{"0":"post-7751","1":"product","2":"type-product","3":"status-publish","4":"has-post-thumbnail","6":"product_cat-armoires-de-commande","7":"product_cat-schaltschraenke-de","9":"first","10":"instock","11":"sale","12":"taxable","13":"shipping-taxable","14":"purchasable","15":"product-type-simple"},"_links":{"self":[{"href":"https:\/\/monbip.fr\/de\/wp-json\/wp\/v2\/product\/7751","targetHints":{"allow":["GET"]}}],"collection":[{"href":"https:\/\/monbip.fr\/de\/wp-json\/wp\/v2\/product"}],"about":[{"href":"https:\/\/monbip.fr\/de\/wp-json\/wp\/v2\/types\/product"}],"wp:featuredmedia":[{"embeddable":true,"href":"https:\/\/monbip.fr\/de\/wp-json\/wp\/v2\/media\/7619"}],"wp:attachment":[{"href":"https:\/\/monbip.fr\/de\/wp-json\/wp\/v2\/media?parent=7751"}],"wp:term":[{"taxonomy":"product_brand","embeddable":true,"href":"https:\/\/monbip.fr\/de\/wp-json\/wp\/v2\/product_brand?post=7751"},{"taxonomy":"product_cat","embeddable":true,"href":"https:\/\/monbip.fr\/de\/wp-json\/wp\/v2\/product_cat?post=7751"},{"taxonomy":"product_tag","embeddable":true,"href":"https:\/\/monbip.fr\/de\/wp-json\/wp\/v2\/product_tag?post=7751"}],"curies":[{"name":"wp","href":"https:\/\/api.w.org\/{rel}","templated":true}]}}