{"id":7754,"date":"2022-01-18T19:12:40","date_gmt":"2022-01-18T19:12:40","guid":{"rendered":"https:\/\/monbip.fr\/product\/aprimatic-a40-dg-steuerung\/"},"modified":"2022-08-26T01:50:11","modified_gmt":"2022-08-25T23:50:11","slug":"schaltschrank-aprimatic-a40-dg","status":"publish","type":"product","link":"https:\/\/monbip.fr\/de\/produkt\/schaltschraenke-de\/schaltschrank-aprimatic-a40-dg\/","title":{"rendered":"Schaltschrank APRIMATIC A40 DG"},"content":{"rendered":"<p>Versorgungsspannung der Steuereinheit: 230 VAC 50\/60 Hz -115 VAC 50\/60 Hz<br \/>\nStandby-Stromaufnahme: 30 mA<br \/>\nMaximale Motorlast: 800 W pro Motor<br \/>\nMaximale Zubeh\u00f6rlast: 24 V (24 VA) 24 V = 500 mA (Last bezieht sich auf die Summe der beiden 24-V-Ausg\u00e4nge)<br \/>\nMaximale Lampenlast 24V (FL) 4W max<br \/>\nBetriebstemperatur -20 \u00baC \/ + 50 \u00baC<br \/>\nZubeh\u00f6r \/ Netzteil \/ Elektroschlossschutz F1 (1 AT) \/ F2 (6,3 AT)<br \/>\nBetriebslogik Automatik \/ Step1 \/ Step2 \/ Seg. \/ H.Pres \/ 2 Puls.<br \/>\n\u00d6ffnungs- \/ Schlie\u00dfzeit Selbstlernend w\u00e4hrend der Programmierphase<br \/>\nPausenzeit einstellbar (von oFF bis 4 min)<\/p>\n","protected":false},"excerpt":{"rendered":"<p>Zentrale APRIMATIC A40 DG F\u00dcR 1- ODER 2-FL\u00dcGELIGE T\u00dcREN<\/p>\n<p>Schubkraft beim \u00d6ffnen und Schlie\u00dfen f\u00fcr jeden einzelnen Fl\u00fcgel einstellbar<br \/>\n\u00d6ffnen und Schlie\u00dfen des Geschwindigkeitsreduzierraums pro Fl\u00fcgel individuell einstellbar<br \/>\nEingangsterminals Gesamt\u00f6ffnung \/ Einstellbare Fu\u00dfg\u00e4nger\u00f6ffnung<\/p>\n","protected":false},"featured_media":7434,"template":"","meta":[],"product_brand":[],"product_cat":[200,216],"product_tag":[],"class_list":{"0":"post-7754","1":"product","2":"type-product","3":"status-publish","4":"has-post-thumbnail","6":"product_cat-armoires-de-commande","7":"product_cat-schaltschraenke-de","9":"first","10":"instock","11":"sale","12":"taxable","13":"shipping-taxable","14":"purchasable","15":"product-type-simple"},"_links":{"self":[{"href":"https:\/\/monbip.fr\/de\/wp-json\/wp\/v2\/product\/7754","targetHints":{"allow":["GET"]}}],"collection":[{"href":"https:\/\/monbip.fr\/de\/wp-json\/wp\/v2\/product"}],"about":[{"href":"https:\/\/monbip.fr\/de\/wp-json\/wp\/v2\/types\/product"}],"wp:featuredmedia":[{"embeddable":true,"href":"https:\/\/monbip.fr\/de\/wp-json\/wp\/v2\/media\/7434"}],"wp:attachment":[{"href":"https:\/\/monbip.fr\/de\/wp-json\/wp\/v2\/media?parent=7754"}],"wp:term":[{"taxonomy":"product_brand","embeddable":true,"href":"https:\/\/monbip.fr\/de\/wp-json\/wp\/v2\/product_brand?post=7754"},{"taxonomy":"product_cat","embeddable":true,"href":"https:\/\/monbip.fr\/de\/wp-json\/wp\/v2\/product_cat?post=7754"},{"taxonomy":"product_tag","embeddable":true,"href":"https:\/\/monbip.fr\/de\/wp-json\/wp\/v2\/product_tag?post=7754"}],"curies":[{"name":"wp","href":"https:\/\/api.w.org\/{rel}","templated":true}]}}