{"id":7759,"date":"2022-01-18T19:11:06","date_gmt":"2022-01-18T19:11:06","guid":{"rendered":"https:\/\/monbip.fr\/product\/king-gates-starg8-24-steuerung\/"},"modified":"2022-08-26T02:15:16","modified_gmt":"2022-08-26T00:15:16","slug":"schaltschrank-king-gates-starg8-24","status":"publish","type":"product","link":"https:\/\/monbip.fr\/de\/produkt\/schaltschraenke-de\/schaltschrank-king-gates-starg8-24\/","title":{"rendered":"King Gates STARG8 24 Schaltschrank"},"content":{"rendered":"","protected":false},"excerpt":{"rendered":"<p>Steuereinheit f\u00fcr einen 24-V-Motor f\u00fcr Schiebetore oder einen oder zwei 24-V-Motoren f\u00fcr Drehfl\u00fcgeltore.<\/p>\n","protected":false},"featured_media":7077,"template":"","meta":[],"product_brand":[],"product_cat":[216],"product_tag":[],"class_list":{"0":"post-7759","1":"product","2":"type-product","3":"status-publish","4":"has-post-thumbnail","6":"product_cat-schaltschraenke-de","8":"first","9":"instock","10":"sale","11":"taxable","12":"shipping-taxable","13":"purchasable","14":"product-type-simple"},"_links":{"self":[{"href":"https:\/\/monbip.fr\/de\/wp-json\/wp\/v2\/product\/7759","targetHints":{"allow":["GET"]}}],"collection":[{"href":"https:\/\/monbip.fr\/de\/wp-json\/wp\/v2\/product"}],"about":[{"href":"https:\/\/monbip.fr\/de\/wp-json\/wp\/v2\/types\/product"}],"wp:featuredmedia":[{"embeddable":true,"href":"https:\/\/monbip.fr\/de\/wp-json\/wp\/v2\/media\/7077"}],"wp:attachment":[{"href":"https:\/\/monbip.fr\/de\/wp-json\/wp\/v2\/media?parent=7759"}],"wp:term":[{"taxonomy":"product_brand","embeddable":true,"href":"https:\/\/monbip.fr\/de\/wp-json\/wp\/v2\/product_brand?post=7759"},{"taxonomy":"product_cat","embeddable":true,"href":"https:\/\/monbip.fr\/de\/wp-json\/wp\/v2\/product_cat?post=7759"},{"taxonomy":"product_tag","embeddable":true,"href":"https:\/\/monbip.fr\/de\/wp-json\/wp\/v2\/product_tag?post=7759"}],"curies":[{"name":"wp","href":"https:\/\/api.w.org\/{rel}","templated":true}]}}