{"id":7767,"date":"2022-01-18T19:11:52","date_gmt":"2022-01-18T19:11:52","guid":{"rendered":"https:\/\/monbip.fr\/product\/fadini-elpro-27-steuerung\/"},"modified":"2022-08-26T02:00:12","modified_gmt":"2022-08-26T00:00:12","slug":"fadini-elpro-27-steuerung","status":"publish","type":"product","link":"https:\/\/monbip.fr\/de\/produkt\/schaltschraenke-de\/fadini-elpro-27-steuerung\/","title":{"rendered":"FADINI ELPRO 27 Steuerung"},"content":{"rendered":"","protected":false},"excerpt":{"rendered":"<p>Elektronischer Programmierer mit eingebauten Motorkondensatoren. F\u00fcr ein- oder zweifl\u00fcgelige Drehtore, mit oder ohne Endschalter. F\u00fcr Schiebetore mit einem oder zwei Fl\u00fcgeln (0,5 PS mit mechanischer Reibung).<\/p>\n","protected":false},"featured_media":7188,"template":"","meta":[],"product_brand":[],"product_cat":[200,216],"product_tag":[246],"class_list":{"0":"post-7767","1":"product","2":"type-product","3":"status-publish","4":"has-post-thumbnail","6":"product_cat-armoires-de-commande","7":"product_cat-schaltschraenke-de","8":"product_tag-fadini-2","10":"first","11":"instock","12":"sale","13":"taxable","14":"shipping-taxable","15":"purchasable","16":"product-type-simple"},"_links":{"self":[{"href":"https:\/\/monbip.fr\/de\/wp-json\/wp\/v2\/product\/7767","targetHints":{"allow":["GET"]}}],"collection":[{"href":"https:\/\/monbip.fr\/de\/wp-json\/wp\/v2\/product"}],"about":[{"href":"https:\/\/monbip.fr\/de\/wp-json\/wp\/v2\/types\/product"}],"wp:featuredmedia":[{"embeddable":true,"href":"https:\/\/monbip.fr\/de\/wp-json\/wp\/v2\/media\/7188"}],"wp:attachment":[{"href":"https:\/\/monbip.fr\/de\/wp-json\/wp\/v2\/media?parent=7767"}],"wp:term":[{"taxonomy":"product_brand","embeddable":true,"href":"https:\/\/monbip.fr\/de\/wp-json\/wp\/v2\/product_brand?post=7767"},{"taxonomy":"product_cat","embeddable":true,"href":"https:\/\/monbip.fr\/de\/wp-json\/wp\/v2\/product_cat?post=7767"},{"taxonomy":"product_tag","embeddable":true,"href":"https:\/\/monbip.fr\/de\/wp-json\/wp\/v2\/product_tag?post=7767"}],"curies":[{"name":"wp","href":"https:\/\/api.w.org\/{rel}","templated":true}]}}