{"id":7781,"date":"2022-01-18T19:07:26","date_gmt":"2022-01-18T19:07:26","guid":{"rendered":"https:\/\/monbip.fr\/product\/bft-rigel-6-steuerung\/"},"modified":"2022-08-26T02:39:40","modified_gmt":"2022-08-26T00:39:40","slug":"bft-rigel-6-steuerung","status":"publish","type":"product","link":"https:\/\/monbip.fr\/de\/produkt\/schaltschraenke-de\/bft-rigel-6-steuerung\/","title":{"rendered":"BFT RIGEL 6 Steuerung"},"content":{"rendered":"<p>Universelles Bedienfeld mit Display f\u00fcr einen oder zwei Antriebe 230 V &#8211; 650+650 W f\u00fcr Dreh- oder Schiebetore.<br \/>\nHauptmerkmale: abnehmbare Klemmenleisten, Programmierung und Diagnose mit Display, eingebauter Vierwegeempf\u00e4nger, elektrische oder magnetische Anpresskraft anschlie\u00dfen, elektronischer Drehmomentbegrenzer, elektronische Verz\u00f6gerung beim \u00d6ffnen und Schlie\u00dfen, separate Endschaltereing\u00e4nge f\u00fcr jeden Motor, Verwaltungsm\u00f6glichkeiten von Ampel- und hydraulischen Vorw\u00e4rmantrieben, Wochenzeitschaltuhr, M\u00f6glichkeit der Aufhebung einer bestimmten Fernbedienung, Personalisierung von 4 Funkkan\u00e4len, Ausgabe der kundenspezifischen verz\u00f6gerten Dauer, auf das Hindernis einstellbare Empfindlichkeit.<\/p>\n","protected":false},"excerpt":{"rendered":"<p>BFT RIGEL 6 Schaltschrank f\u00fcr 230V Motorisierung f\u00fcr 1 oder 2 Motoren. Kompatibel mit 230 V E5-, ORO-, ELI 250- oder LUX-Motoren.<br \/>\nBFT RIGEL 6 ersetzt die Modelle RIGEL 5 SD und ALTAIR P.<\/p>\n","protected":false},"featured_media":6026,"template":"","meta":[],"product_brand":[],"product_cat":[200,216],"product_tag":[277,276],"class_list":{"0":"post-7781","1":"product","2":"type-product","3":"status-publish","4":"has-post-thumbnail","6":"product_cat-armoires-de-commande","7":"product_cat-schaltschraenke-de","8":"product_tag-bft-de","9":"product_tag-bft-2","11":"first","12":"instock","13":"sale","14":"taxable","15":"shipping-taxable","16":"purchasable","17":"product-type-simple"},"_links":{"self":[{"href":"https:\/\/monbip.fr\/de\/wp-json\/wp\/v2\/product\/7781","targetHints":{"allow":["GET"]}}],"collection":[{"href":"https:\/\/monbip.fr\/de\/wp-json\/wp\/v2\/product"}],"about":[{"href":"https:\/\/monbip.fr\/de\/wp-json\/wp\/v2\/types\/product"}],"wp:featuredmedia":[{"embeddable":true,"href":"https:\/\/monbip.fr\/de\/wp-json\/wp\/v2\/media\/6026"}],"wp:attachment":[{"href":"https:\/\/monbip.fr\/de\/wp-json\/wp\/v2\/media?parent=7781"}],"wp:term":[{"taxonomy":"product_brand","embeddable":true,"href":"https:\/\/monbip.fr\/de\/wp-json\/wp\/v2\/product_brand?post=7781"},{"taxonomy":"product_cat","embeddable":true,"href":"https:\/\/monbip.fr\/de\/wp-json\/wp\/v2\/product_cat?post=7781"},{"taxonomy":"product_tag","embeddable":true,"href":"https:\/\/monbip.fr\/de\/wp-json\/wp\/v2\/product_tag?post=7781"}],"curies":[{"name":"wp","href":"https:\/\/api.w.org\/{rel}","templated":true}]}}