{"id":7787,"date":"2022-01-18T19:13:27","date_gmt":"2022-01-18T17:13:27","guid":{"rendered":"https:\/\/monbip.fr\/product\/bft-lux-ultra-bt-a20-24v-hydraulikmotor-kit\/"},"modified":"2022-08-26T19:25:21","modified_gmt":"2022-08-26T17:25:21","slug":"bft-lux-ultra-bt-a20-24v-hydraulikmotor-kit","status":"publish","type":"product","link":"https:\/\/monbip.fr\/de\/produkt\/tor-oder-garagenmotor-kit-de\/bft-lux-ultra-bt-a20-24v-hydraulikmotor-kit\/","title":{"rendered":"BFT LUX ULTRA BT A20 24V Hydraulikmotor-Kit"},"content":{"rendered":"<p>Das Kit enth\u00e4lt:<br \/>\n2 hydraulische Aktuatoren GIUNO ULTRA BT A20<br \/>\nSelbsthilfegruppen f\u00fcr die Verankerung<br \/>\nSteuerplatine THALIA P<br \/>\nGeh\u00e4use f\u00fcr Elektronik<br \/>\nPaar einstellbare Fotozellen<br \/>\nblinkender RADIUS B LTA 24 R1<br \/>\nexterner Schl\u00fcsselw\u00e4hler Q.BO KEY WM<br \/>\nFernbedienung MITTO B RCB04 R1<\/p>\n","protected":false},"excerpt":{"rendered":"<p>Hydraulikmotor-Kit f\u00fcr sehr intensive Nutzung f\u00fcr Bl\u00e4tter bis 300 kg Gewicht und einer maximalen L\u00e4nge von 2 m,<\/p>\n","protected":false},"featured_media":7540,"template":"","meta":[],"product_brand":[],"product_cat":[220],"product_tag":[],"class_list":{"0":"post-7787","1":"product","2":"type-product","3":"status-publish","4":"has-post-thumbnail","6":"product_cat-tor-oder-garagenmotor-kit-de","8":"first","9":"instock","10":"sale","11":"taxable","12":"shipping-taxable","13":"purchasable","14":"product-type-simple"},"_links":{"self":[{"href":"https:\/\/monbip.fr\/de\/wp-json\/wp\/v2\/product\/7787","targetHints":{"allow":["GET"]}}],"collection":[{"href":"https:\/\/monbip.fr\/de\/wp-json\/wp\/v2\/product"}],"about":[{"href":"https:\/\/monbip.fr\/de\/wp-json\/wp\/v2\/types\/product"}],"wp:featuredmedia":[{"embeddable":true,"href":"https:\/\/monbip.fr\/de\/wp-json\/wp\/v2\/media\/7540"}],"wp:attachment":[{"href":"https:\/\/monbip.fr\/de\/wp-json\/wp\/v2\/media?parent=7787"}],"wp:term":[{"taxonomy":"product_brand","embeddable":true,"href":"https:\/\/monbip.fr\/de\/wp-json\/wp\/v2\/product_brand?post=7787"},{"taxonomy":"product_cat","embeddable":true,"href":"https:\/\/monbip.fr\/de\/wp-json\/wp\/v2\/product_cat?post=7787"},{"taxonomy":"product_tag","embeddable":true,"href":"https:\/\/monbip.fr\/de\/wp-json\/wp\/v2\/product_tag?post=7787"}],"curies":[{"name":"wp","href":"https:\/\/api.w.org\/{rel}","templated":true}]}}