{"id":7806,"date":"2022-01-18T19:11:06","date_gmt":"2022-01-18T19:11:06","guid":{"rendered":"https:\/\/monbip.fr\/product\/aerf-dual2h4-dual2h8-steuerung\/"},"modified":"2022-08-26T02:11:03","modified_gmt":"2022-08-26T00:11:03","slug":"aerf-dual2h4-dual2h8-steuerung","status":"publish","type":"product","link":"https:\/\/monbip.fr\/de\/produkt\/schaltschraenke-de\/aerf-dual2h4-dual2h8-steuerung\/","title":{"rendered":"AERF DUAL2H4 \/ DUAL2H8 Steuerung"},"content":{"rendered":"","protected":false},"excerpt":{"rendered":"<p>230-V-Steuerung f\u00fcr Drehtore mit 1 oder 2 Fl\u00fcgeln, f\u00fcr elektromechanische Antriebe mit Endschaltern oder Hydraulik. Eingebautes Radio. Erm\u00f6glicht die Programmierung des Man\u00f6verversatzes zwischen den Fl\u00fcgeln, der Verz\u00f6gerungen und der Kraft. Hat Kontrollleuchten an den Steuereing\u00e4ngen. Der Schrank nimmt einen zus\u00e4tzlichen Funkempf\u00e4nger des SRT-Modells auf.<\/p>\n","protected":false},"featured_media":7083,"template":"","meta":[],"product_brand":[],"product_cat":[200,216],"product_tag":[268,269],"class_list":{"0":"post-7806","1":"product","2":"type-product","3":"status-publish","4":"has-post-thumbnail","6":"product_cat-armoires-de-commande","7":"product_cat-schaltschraenke-de","8":"product_tag-aerf-2","9":"product_tag-aerf-de","11":"first","12":"instock","13":"sale","14":"taxable","15":"shipping-taxable","16":"purchasable","17":"product-type-simple"},"_links":{"self":[{"href":"https:\/\/monbip.fr\/de\/wp-json\/wp\/v2\/product\/7806","targetHints":{"allow":["GET"]}}],"collection":[{"href":"https:\/\/monbip.fr\/de\/wp-json\/wp\/v2\/product"}],"about":[{"href":"https:\/\/monbip.fr\/de\/wp-json\/wp\/v2\/types\/product"}],"wp:featuredmedia":[{"embeddable":true,"href":"https:\/\/monbip.fr\/de\/wp-json\/wp\/v2\/media\/7083"}],"wp:attachment":[{"href":"https:\/\/monbip.fr\/de\/wp-json\/wp\/v2\/media?parent=7806"}],"wp:term":[{"taxonomy":"product_brand","embeddable":true,"href":"https:\/\/monbip.fr\/de\/wp-json\/wp\/v2\/product_brand?post=7806"},{"taxonomy":"product_cat","embeddable":true,"href":"https:\/\/monbip.fr\/de\/wp-json\/wp\/v2\/product_cat?post=7806"},{"taxonomy":"product_tag","embeddable":true,"href":"https:\/\/monbip.fr\/de\/wp-json\/wp\/v2\/product_tag?post=7806"}],"curies":[{"name":"wp","href":"https:\/\/api.w.org\/{rel}","templated":true}]}}