{"id":7812,"date":"2022-01-18T19:11:06","date_gmt":"2022-01-18T19:11:06","guid":{"rendered":"https:\/\/monbip.fr\/product\/beninca-think-230v-400v-steuerung\/"},"modified":"2022-08-26T02:16:44","modified_gmt":"2022-08-26T00:16:44","slug":"beninca-think-230v-400v-steuerung","status":"publish","type":"product","link":"https:\/\/monbip.fr\/de\/produkt\/schaltschraenke-de\/beninca-think-230v-400v-steuerung\/","title":{"rendered":"BENINCA THINK 230V &#8211; 400V Steuerung"},"content":{"rendered":"","protected":false},"excerpt":{"rendered":"<p>230-400 Vac Steuertafel f\u00fcr 1 Aktuator f\u00fcr Sektional- und Rolltore, Bucht\u00fcren mit mehr als zwei Fl\u00fcgeln, unsymmetrische Jalousien und Industrie-Schiebet\u00fcren, mit integriertem LCD-Display.<\/p>\n","protected":false},"featured_media":7059,"template":"","meta":[],"product_brand":[],"product_cat":[216],"product_tag":[274],"class_list":{"0":"post-7812","1":"product","2":"type-product","3":"status-publish","4":"has-post-thumbnail","6":"product_cat-schaltschraenke-de","7":"product_tag-beninca-2","9":"first","10":"instock","11":"sale","12":"featured","13":"taxable","14":"shipping-taxable","15":"purchasable","16":"product-type-simple"},"_links":{"self":[{"href":"https:\/\/monbip.fr\/de\/wp-json\/wp\/v2\/product\/7812","targetHints":{"allow":["GET"]}}],"collection":[{"href":"https:\/\/monbip.fr\/de\/wp-json\/wp\/v2\/product"}],"about":[{"href":"https:\/\/monbip.fr\/de\/wp-json\/wp\/v2\/types\/product"}],"wp:featuredmedia":[{"embeddable":true,"href":"https:\/\/monbip.fr\/de\/wp-json\/wp\/v2\/media\/7059"}],"wp:attachment":[{"href":"https:\/\/monbip.fr\/de\/wp-json\/wp\/v2\/media?parent=7812"}],"wp:term":[{"taxonomy":"product_brand","embeddable":true,"href":"https:\/\/monbip.fr\/de\/wp-json\/wp\/v2\/product_brand?post=7812"},{"taxonomy":"product_cat","embeddable":true,"href":"https:\/\/monbip.fr\/de\/wp-json\/wp\/v2\/product_cat?post=7812"},{"taxonomy":"product_tag","embeddable":true,"href":"https:\/\/monbip.fr\/de\/wp-json\/wp\/v2\/product_tag?post=7812"}],"curies":[{"name":"wp","href":"https:\/\/api.w.org\/{rel}","templated":true}]}}