{"id":7824,"date":"2022-01-18T19:09:04","date_gmt":"2022-01-18T19:09:04","guid":{"rendered":"https:\/\/monbip.fr\/product\/clemsa-clas-1-steuerung\/"},"modified":"2022-08-26T02:29:11","modified_gmt":"2022-08-26T00:29:11","slug":"clemsa-clas-1-steuerung","status":"publish","type":"product","link":"https:\/\/monbip.fr\/de\/produkt\/schaltschraenke-de\/clemsa-clas-1-steuerung\/","title":{"rendered":"Clemsa CLAS 1 Steuerung"},"content":{"rendered":"","protected":false},"excerpt":{"rendered":"<p>Steuerschrank f\u00fcr Rolll\u00e4den und Markisen. Inl\u00e4ndische bis private Nutzung. 230V.<br \/>\nMaximale Leistung 750 W. \u00d6ffnungs- und Schlie\u00dfzeiten.<\/p>\n","protected":false},"featured_media":6548,"template":"","meta":[],"product_brand":[],"product_cat":[200,216],"product_tag":[279,280],"class_list":{"0":"post-7824","1":"product","2":"type-product","3":"status-publish","4":"has-post-thumbnail","6":"product_cat-armoires-de-commande","7":"product_cat-schaltschraenke-de","8":"product_tag-clemsa-2","9":"product_tag-clemsa-de","11":"first","12":"instock","13":"sale","14":"taxable","15":"shipping-taxable","16":"purchasable","17":"product-type-simple"},"_links":{"self":[{"href":"https:\/\/monbip.fr\/de\/wp-json\/wp\/v2\/product\/7824","targetHints":{"allow":["GET"]}}],"collection":[{"href":"https:\/\/monbip.fr\/de\/wp-json\/wp\/v2\/product"}],"about":[{"href":"https:\/\/monbip.fr\/de\/wp-json\/wp\/v2\/types\/product"}],"wp:featuredmedia":[{"embeddable":true,"href":"https:\/\/monbip.fr\/de\/wp-json\/wp\/v2\/media\/6548"}],"wp:attachment":[{"href":"https:\/\/monbip.fr\/de\/wp-json\/wp\/v2\/media?parent=7824"}],"wp:term":[{"taxonomy":"product_brand","embeddable":true,"href":"https:\/\/monbip.fr\/de\/wp-json\/wp\/v2\/product_brand?post=7824"},{"taxonomy":"product_cat","embeddable":true,"href":"https:\/\/monbip.fr\/de\/wp-json\/wp\/v2\/product_cat?post=7824"},{"taxonomy":"product_tag","embeddable":true,"href":"https:\/\/monbip.fr\/de\/wp-json\/wp\/v2\/product_tag?post=7824"}],"curies":[{"name":"wp","href":"https:\/\/api.w.org\/{rel}","templated":true}]}}