{"id":7840,"date":"2022-01-18T19:07:27","date_gmt":"2022-01-18T19:07:27","guid":{"rendered":"https:\/\/monbip.fr\/product\/bft-perseo-cbe-230-p-sd-steuerung\/"},"modified":"2022-08-26T02:37:41","modified_gmt":"2022-08-26T00:37:41","slug":"bft-perseo-cbe-230-p-sd-steuerung","status":"publish","type":"product","link":"https:\/\/monbip.fr\/de\/produkt\/schaltschraenke-de\/bft-perseo-cbe-230-p-sd-steuerung\/","title":{"rendered":"BFT PERSEO CBE 230.P SD Steuerung"},"content":{"rendered":"<p>Schaltschrank mit eingebautem U-Link, Empf\u00e4nger und Heizkreis (bis -40\u00b0C) f\u00fcr elektromechanische und hydraulische Poller. Kann bis zu 4 Terminals gleichzeitig verwalten (oder maximal 2 Xpass 1200).<br \/>\nAnwendung: Steuerschrank zum Betrieb von 1 bis 4 einphasigen automatischen Abschreckpollern (parallel) (oder maximal 2 XPASS B 330\/1200).<br \/>\nStromversorgung Karte: 230 VAC einphasig.<br \/>\nAusgangsstromversorgung: 230 VAC MONO, 12 A max.<br \/>\nHauptmerkmale: abnehmbare Klemmenbl\u00f6cke, digitale Programmierung, 3-stelliges Display, Anschluss f\u00fcr Proxima-Programmierer, Zweikanalempf\u00e4nger mit 2048 Codes enthalten, Heizung f\u00fcr den Betrieb bis zu -40 \u00b0C, volle Unterst\u00fctzung f\u00fcr einziehbare Anti-Terror-Terminals, 11 Eing\u00e4nge , 9 Ausg\u00e4nge.<br \/>\nHauptfunktionen: U-Link-Konnektivit\u00e4t, automatische Wiederschlie\u00dfung, separate \u00d6ffnungs- und Schlie\u00dfbefehle, Vorblinken, \u201eTotmann\u201c-Sicherheitsbefehl, automatisch oder halbautomatisch, Endanschlagsverwaltung beim \u00d6ffnen und Schlie\u00dfen, Vorr\u00fcstung f\u00fcr USV.<\/p>\n","protected":false},"excerpt":{"rendered":"<p>PERSEO CBE 230.P SD<br \/>\nProduktcode oder Referenz D113812 00002<\/p>\n","protected":false},"featured_media":6084,"template":"","meta":[],"product_brand":[],"product_cat":[200,216],"product_tag":[276,277],"class_list":{"0":"post-7840","1":"product","2":"type-product","3":"status-publish","4":"has-post-thumbnail","6":"product_cat-armoires-de-commande","7":"product_cat-schaltschraenke-de","8":"product_tag-bft-2","9":"product_tag-bft-de","11":"first","12":"instock","13":"sale","14":"taxable","15":"shipping-taxable","16":"purchasable","17":"product-type-simple"},"_links":{"self":[{"href":"https:\/\/monbip.fr\/de\/wp-json\/wp\/v2\/product\/7840","targetHints":{"allow":["GET"]}}],"collection":[{"href":"https:\/\/monbip.fr\/de\/wp-json\/wp\/v2\/product"}],"about":[{"href":"https:\/\/monbip.fr\/de\/wp-json\/wp\/v2\/types\/product"}],"wp:featuredmedia":[{"embeddable":true,"href":"https:\/\/monbip.fr\/de\/wp-json\/wp\/v2\/media\/6084"}],"wp:attachment":[{"href":"https:\/\/monbip.fr\/de\/wp-json\/wp\/v2\/media?parent=7840"}],"wp:term":[{"taxonomy":"product_brand","embeddable":true,"href":"https:\/\/monbip.fr\/de\/wp-json\/wp\/v2\/product_brand?post=7840"},{"taxonomy":"product_cat","embeddable":true,"href":"https:\/\/monbip.fr\/de\/wp-json\/wp\/v2\/product_cat?post=7840"},{"taxonomy":"product_tag","embeddable":true,"href":"https:\/\/monbip.fr\/de\/wp-json\/wp\/v2\/product_tag?post=7840"}],"curies":[{"name":"wp","href":"https:\/\/api.w.org\/{rel}","templated":true}]}}