{"id":7842,"date":"2022-01-18T19:07:27","date_gmt":"2022-01-18T19:07:27","guid":{"rendered":"https:\/\/monbip.fr\/product\/bft-elba-bu-steuerung\/"},"modified":"2022-08-26T02:37:56","modified_gmt":"2022-08-26T00:37:56","slug":"bft-elba-bu-steuerung","status":"publish","type":"product","link":"https:\/\/monbip.fr\/de\/produkt\/schaltschraenke-de\/bft-elba-bu-steuerung\/","title":{"rendered":"BFT ELBA BU Steuerung"},"content":{"rendered":"<p>Schaltschrank max. 230 V f\u00fcr einen Antrieb zur Motorisierung von Rolll\u00e4den oder Vorh\u00e4ngen.<br \/>\nAnwendung: Schaltschrank f\u00fcr einen Antrieb zur Motorisierung von Rolll\u00e4den.<br \/>\nBordstromversorgung: 230V einphasig.<br \/>\nStromversorgung des Antriebs: 230 V einphasig.<br \/>\nHauptmerkmale: Reduzierte Gr\u00f6\u00dfe f\u00fcr den Einbau in den Rollladenkasten, Programmierung \u00fcber Potentiometer und DIP-Schalter, eingebauter Empf\u00e4nger, Steuertaster auf der Vorderseite der Abdeckung.<br \/>\nHauptfunktionen: separates \u00d6ffnen\/Schlie\u00dfen, Fotozelleneingang, m\u00f6gliche zentrale Steuerungen, Windmesserverwaltung und D\u00e4mmerungssensor.<br \/>\nKompatibilit\u00e4t: CAPRI, CAPRI RIC, CAPRI TCA.<\/p>\n","protected":false},"excerpt":{"rendered":"<p>Schaltschrank max. 230 V f\u00fcr einen Antrieb zur Motorisierung von Rolll\u00e4den oder Vorh\u00e4ngen.<\/p>\n","protected":false},"featured_media":6059,"template":"","meta":[],"product_brand":[],"product_cat":[200,216],"product_tag":[276,277],"class_list":{"0":"post-7842","1":"product","2":"type-product","3":"status-publish","4":"has-post-thumbnail","6":"product_cat-armoires-de-commande","7":"product_cat-schaltschraenke-de","8":"product_tag-bft-2","9":"product_tag-bft-de","11":"first","12":"instock","13":"sale","14":"taxable","15":"shipping-taxable","16":"purchasable","17":"product-type-simple"},"_links":{"self":[{"href":"https:\/\/monbip.fr\/de\/wp-json\/wp\/v2\/product\/7842","targetHints":{"allow":["GET"]}}],"collection":[{"href":"https:\/\/monbip.fr\/de\/wp-json\/wp\/v2\/product"}],"about":[{"href":"https:\/\/monbip.fr\/de\/wp-json\/wp\/v2\/types\/product"}],"wp:featuredmedia":[{"embeddable":true,"href":"https:\/\/monbip.fr\/de\/wp-json\/wp\/v2\/media\/6059"}],"wp:attachment":[{"href":"https:\/\/monbip.fr\/de\/wp-json\/wp\/v2\/media?parent=7842"}],"wp:term":[{"taxonomy":"product_brand","embeddable":true,"href":"https:\/\/monbip.fr\/de\/wp-json\/wp\/v2\/product_brand?post=7842"},{"taxonomy":"product_cat","embeddable":true,"href":"https:\/\/monbip.fr\/de\/wp-json\/wp\/v2\/product_cat?post=7842"},{"taxonomy":"product_tag","embeddable":true,"href":"https:\/\/monbip.fr\/de\/wp-json\/wp\/v2\/product_tag?post=7842"}],"curies":[{"name":"wp","href":"https:\/\/api.w.org\/{rel}","templated":true}]}}