{"id":7848,"date":"2022-01-18T19:07:27","date_gmt":"2022-01-18T19:07:27","guid":{"rendered":"https:\/\/monbip.fr\/product\/bft-leo-steuerung\/"},"modified":"2022-08-26T02:38:47","modified_gmt":"2022-08-26T00:38:47","slug":"bft-leo-steuerung","status":"publish","type":"product","link":"https:\/\/monbip.fr\/de\/produkt\/schaltschraenke-de\/bft-leo-steuerung\/","title":{"rendered":"BFT LEO Steuerung"},"content":{"rendered":"<p>Anwendung: Schaltschrank f\u00fcr einen ICARO-Operator.<br \/>\nBordstromversorgung: 230V einphasig.<br \/>\nAntriebsstromversorgung: 230 V 750 W max.<br \/>\nHauptmerkmale: abnehmbare Klemmenbl\u00f6cke, Programmierung \u00fcber Bildschirm, eingebauter Zweikanalempf\u00e4nger und Anschluss f\u00fcr zus\u00e4tzlichen Empf\u00e4nger, Quetschschutz, Verlangsamung beim \u00d6ffnen und Schlie\u00dfen und Selbstlernen mit elektronischer Steuerung.<br \/>\nHauptfunktionen: Drehmomentmanagement, Motorverlangsamung und -bremsung, Fu\u00dfg\u00e4nger\u00f6ffnung, separate \u00d6ffnungs-\/Schlie\u00dfbefehle, TIMER-Eingang, Schnellschlie\u00dfung und Selbstdiagnose.<br \/>\nKompatibilit\u00e4t: LEO-Serie.<\/p>\n","protected":false},"excerpt":{"rendered":"<p>Schaltschrank mit Display f\u00fcr einen Antrieb 230 V 750 W mit der M\u00f6glichkeit, den Eingang f\u00fcr einen BFT-Encoder zu validieren.<\/p>\n","protected":false},"featured_media":6053,"template":"","meta":[],"product_brand":[],"product_cat":[200,216],"product_tag":[276,277],"class_list":{"0":"post-7848","1":"product","2":"type-product","3":"status-publish","4":"has-post-thumbnail","6":"product_cat-armoires-de-commande","7":"product_cat-schaltschraenke-de","8":"product_tag-bft-2","9":"product_tag-bft-de","11":"first","12":"instock","13":"sale","14":"taxable","15":"shipping-taxable","16":"purchasable","17":"product-type-simple"},"_links":{"self":[{"href":"https:\/\/monbip.fr\/de\/wp-json\/wp\/v2\/product\/7848","targetHints":{"allow":["GET"]}}],"collection":[{"href":"https:\/\/monbip.fr\/de\/wp-json\/wp\/v2\/product"}],"about":[{"href":"https:\/\/monbip.fr\/de\/wp-json\/wp\/v2\/types\/product"}],"wp:featuredmedia":[{"embeddable":true,"href":"https:\/\/monbip.fr\/de\/wp-json\/wp\/v2\/media\/6053"}],"wp:attachment":[{"href":"https:\/\/monbip.fr\/de\/wp-json\/wp\/v2\/media?parent=7848"}],"wp:term":[{"taxonomy":"product_brand","embeddable":true,"href":"https:\/\/monbip.fr\/de\/wp-json\/wp\/v2\/product_brand?post=7848"},{"taxonomy":"product_cat","embeddable":true,"href":"https:\/\/monbip.fr\/de\/wp-json\/wp\/v2\/product_cat?post=7848"},{"taxonomy":"product_tag","embeddable":true,"href":"https:\/\/monbip.fr\/de\/wp-json\/wp\/v2\/product_tag?post=7848"}],"curies":[{"name":"wp","href":"https:\/\/api.w.org\/{rel}","templated":true}]}}