{"id":7850,"date":"2022-01-18T19:07:27","date_gmt":"2022-01-18T19:07:27","guid":{"rendered":"https:\/\/monbip.fr\/product\/bft-zara-btl2-steuerung\/"},"modified":"2022-08-26T02:39:22","modified_gmt":"2022-08-26T00:39:22","slug":"bft-zara-btl2-steuerung","status":"publish","type":"product","link":"https:\/\/monbip.fr\/de\/produkt\/schaltschraenke-de\/bft-zara-btl2-steuerung\/","title":{"rendered":"BFT ZARA BTL2 Steuerung"},"content":{"rendered":"<p>24-V-Einphasen-Netzteil mit maximal 180 W pro Antrieb,<br \/>\n&#8211; Abnehmbare Klemmenbl\u00f6cke mit Farben zur besseren Identifizierung,<br \/>\n&#8211; Einfache Programmierung mit Bildschirm,<br \/>\n&#8211; Eingebauter Zweikanalempf\u00e4nger,<br \/>\n&#8211; Quetschschutz dank &#8220;D-Track&#8221;-System<br \/>\n&#8211; Selbstlernend mit elektronischer Verwaltung,<br \/>\n&#8211; Fu\u00dfg\u00e4nger\u00f6ffnung,<br \/>\n&#8211; &#8220;Totmann&#8221;-Funktion<\/p>\n","protected":false},"excerpt":{"rendered":"<p>Schaltschrank mit Programmierschaltern (Dip-Switch) und Potentiometern f\u00fcr 1 oder 2 24 V-Antriebe zur Motorisierung von Drehtoren.<\/p>\n","protected":false},"featured_media":6047,"template":"","meta":[],"product_brand":[],"product_cat":[200,216],"product_tag":[],"class_list":{"0":"post-7850","1":"product","2":"type-product","3":"status-publish","4":"has-post-thumbnail","6":"product_cat-armoires-de-commande","7":"product_cat-schaltschraenke-de","9":"first","10":"instock","11":"sale","12":"taxable","13":"shipping-taxable","14":"purchasable","15":"product-type-simple"},"_links":{"self":[{"href":"https:\/\/monbip.fr\/de\/wp-json\/wp\/v2\/product\/7850","targetHints":{"allow":["GET"]}}],"collection":[{"href":"https:\/\/monbip.fr\/de\/wp-json\/wp\/v2\/product"}],"about":[{"href":"https:\/\/monbip.fr\/de\/wp-json\/wp\/v2\/types\/product"}],"wp:featuredmedia":[{"embeddable":true,"href":"https:\/\/monbip.fr\/de\/wp-json\/wp\/v2\/media\/6047"}],"wp:attachment":[{"href":"https:\/\/monbip.fr\/de\/wp-json\/wp\/v2\/media?parent=7850"}],"wp:term":[{"taxonomy":"product_brand","embeddable":true,"href":"https:\/\/monbip.fr\/de\/wp-json\/wp\/v2\/product_brand?post=7850"},{"taxonomy":"product_cat","embeddable":true,"href":"https:\/\/monbip.fr\/de\/wp-json\/wp\/v2\/product_cat?post=7850"},{"taxonomy":"product_tag","embeddable":true,"href":"https:\/\/monbip.fr\/de\/wp-json\/wp\/v2\/product_tag?post=7850"}],"curies":[{"name":"wp","href":"https:\/\/api.w.org\/{rel}","templated":true}]}}