{"id":7860,"date":"2022-01-18T19:06:38","date_gmt":"2022-01-18T19:06:38","guid":{"rendered":"https:\/\/monbip.fr\/product\/seav-lrs-2299-set-steuerung\/"},"modified":"2022-08-26T02:45:22","modified_gmt":"2022-08-26T00:45:22","slug":"seav-lrs-2299-set-steuerung","status":"publish","type":"product","link":"https:\/\/monbip.fr\/de\/produkt\/schaltschraenke-de\/seav-lrs-2299-set-steuerung\/","title":{"rendered":"SEAV LRS 2299 SET Steuerung"},"content":{"rendered":"<p>Anf\u00e4ngliche Motorbeschleunigung, Verz\u00f6gerung, Einstellung der St\u00e4rke der Motoren, Einstellung der Verz\u00f6gerung. Zwei Eing\u00e4nge f\u00fcr die Endschalter jedes Motors. Es ist m\u00f6glich, die verschiedenen Operationen \u00fcber die Steuerbox zu verwalten. Hinderniserkennung und einstellbare Eingriffsempfindlichkeit.<\/p>\n","protected":false},"excerpt":{"rendered":"<p>Steuerung f\u00fcr Dreh- und Schiebetore mit eingebautem Funkempf\u00e4nger.<\/p>\n","protected":false},"featured_media":5894,"template":"","meta":[],"product_brand":[],"product_cat":[200,216],"product_tag":[],"class_list":{"0":"post-7860","1":"product","2":"type-product","3":"status-publish","4":"has-post-thumbnail","6":"product_cat-armoires-de-commande","7":"product_cat-schaltschraenke-de","9":"first","10":"instock","11":"sale","12":"taxable","13":"shipping-taxable","14":"purchasable","15":"product-type-simple"},"_links":{"self":[{"href":"https:\/\/monbip.fr\/de\/wp-json\/wp\/v2\/product\/7860","targetHints":{"allow":["GET"]}}],"collection":[{"href":"https:\/\/monbip.fr\/de\/wp-json\/wp\/v2\/product"}],"about":[{"href":"https:\/\/monbip.fr\/de\/wp-json\/wp\/v2\/types\/product"}],"wp:featuredmedia":[{"embeddable":true,"href":"https:\/\/monbip.fr\/de\/wp-json\/wp\/v2\/media\/5894"}],"wp:attachment":[{"href":"https:\/\/monbip.fr\/de\/wp-json\/wp\/v2\/media?parent=7860"}],"wp:term":[{"taxonomy":"product_brand","embeddable":true,"href":"https:\/\/monbip.fr\/de\/wp-json\/wp\/v2\/product_brand?post=7860"},{"taxonomy":"product_cat","embeddable":true,"href":"https:\/\/monbip.fr\/de\/wp-json\/wp\/v2\/product_cat?post=7860"},{"taxonomy":"product_tag","embeddable":true,"href":"https:\/\/monbip.fr\/de\/wp-json\/wp\/v2\/product_tag?post=7860"}],"curies":[{"name":"wp","href":"https:\/\/api.w.org\/{rel}","templated":true}]}}