{"id":7876,"date":"2022-01-18T19:07:26","date_gmt":"2022-01-18T19:07:26","guid":{"rendered":"https:\/\/monbip.fr\/product\/bft-venere-d-argo-elektronikplatine\/"},"modified":"2022-08-26T02:39:58","modified_gmt":"2022-08-26T00:39:58","slug":"bft-venere-d-argo-elektronik-platine","status":"publish","type":"product","link":"https:\/\/monbip.fr\/de\/produkt\/schaltschraenke-de\/bft-venere-d-argo-elektronik-platine\/","title":{"rendered":"BFT VENERE D ARGO Elektronik platine"},"content":{"rendered":"<p>Elektronische Karte f\u00fcr 1 Antrieb 24 V f\u00fcr Garagentore.<br \/>\nAnwendung: Steuereinheit f\u00fcr 1 24 V Antrieb f\u00fcr Garagentore.<br \/>\nBordstromversorgung: 230V einphasig.<br \/>\nStromversorgung Antrieb: 24 V.<br \/>\nHauptmerkmale: Programmierung \u00fcber Display, eingebauter Zweikanalempf\u00e4nger, Quetschschutz basierend auf dem intelligenten Drehmomentkontrollsystem &#8220;D-Track&#8221;, Verlangsamung beim \u00d6ffnen und Schlie\u00dfen.<br \/>\nHauptfunktionen: automatische Wiederschlie\u00dfung, automatische Drehmomenteinstellung.<\/p>\n","protected":false},"excerpt":{"rendered":"<p>Elektronische Karte f\u00fcr 1 Antrieb 24 V f\u00fcr Garagentore. Anwendung: Steuereinheit f\u00fcr 1 24 V Antrieb f\u00fcr Garagentore. Bordstromversorgung: 230V einphasig. Stromversorgung Antrieb: 24 V. Hauptmerkmale: Programmierung \u00fcber Display, eingebauter Zweikanalempf\u00e4nger, Quetschschutz basierend auf dem intelligenten Drehmomentkontrollsystem &#8220;D-Track&#8221;, Verlangsamung beim \u00d6ffnen und Schlie\u00dfen. Hauptfunktionen: automatische Wiederschlie\u00dfung, automatische Drehmomenteinstellung.<\/p>\n","protected":false},"featured_media":9323,"template":"","meta":[],"product_brand":[],"product_cat":[200,216],"product_tag":[276],"class_list":{"0":"post-7876","1":"product","2":"type-product","3":"status-publish","4":"has-post-thumbnail","6":"product_cat-armoires-de-commande","7":"product_cat-schaltschraenke-de","8":"product_tag-bft-2","10":"first","11":"instock","12":"sale","13":"taxable","14":"shipping-taxable","15":"purchasable","16":"product-type-simple"},"_links":{"self":[{"href":"https:\/\/monbip.fr\/de\/wp-json\/wp\/v2\/product\/7876","targetHints":{"allow":["GET"]}}],"collection":[{"href":"https:\/\/monbip.fr\/de\/wp-json\/wp\/v2\/product"}],"about":[{"href":"https:\/\/monbip.fr\/de\/wp-json\/wp\/v2\/types\/product"}],"wp:featuredmedia":[{"embeddable":true,"href":"https:\/\/monbip.fr\/de\/wp-json\/wp\/v2\/media\/9323"}],"wp:attachment":[{"href":"https:\/\/monbip.fr\/de\/wp-json\/wp\/v2\/media?parent=7876"}],"wp:term":[{"taxonomy":"product_brand","embeddable":true,"href":"https:\/\/monbip.fr\/de\/wp-json\/wp\/v2\/product_brand?post=7876"},{"taxonomy":"product_cat","embeddable":true,"href":"https:\/\/monbip.fr\/de\/wp-json\/wp\/v2\/product_cat?post=7876"},{"taxonomy":"product_tag","embeddable":true,"href":"https:\/\/monbip.fr\/de\/wp-json\/wp\/v2\/product_tag?post=7876"}],"curies":[{"name":"wp","href":"https:\/\/api.w.org\/{rel}","templated":true}]}}