{"id":7907,"date":"2022-01-18T19:06:39","date_gmt":"2022-01-18T19:06:39","guid":{"rendered":"https:\/\/monbip.fr\/product\/seav-be-weather-elektronikplatine\/"},"modified":"2022-08-26T02:42:42","modified_gmt":"2022-08-26T00:42:42","slug":"seav-be-weather-elektronik-platine","status":"publish","type":"product","link":"https:\/\/monbip.fr\/de\/produkt\/schaltschraenke-de\/seav-be-weather-elektronik-platine\/","title":{"rendered":"SEAV BE WEATHER Elektronik platine"},"content":{"rendered":"","protected":false},"excerpt":{"rendered":"<p>Elektronische Karte f\u00fcr Markisen und Rolll\u00e4den mit integrierten Wind-\/Sonnen-\/Regensensoren. Es besteht die M\u00f6glichkeit, die Windeingriffsschwelle und die Sonnenempfindlichkeit einzustellen und die Eingriffsverz\u00f6gerung der automatischen Sonden zu w\u00e4hlen<\/p>\n","protected":false},"featured_media":5909,"template":"","meta":[],"product_brand":[],"product_cat":[205,200,216,214],"product_tag":[],"class_list":{"0":"post-7907","1":"product","2":"type-product","3":"status-publish","4":"has-post-thumbnail","6":"product_cat-accessoires","7":"product_cat-armoires-de-commande","8":"product_cat-schaltschraenke-de","9":"product_cat-zubehoer-de","11":"first","12":"instock","13":"sale","14":"taxable","15":"shipping-taxable","16":"purchasable","17":"product-type-simple"},"_links":{"self":[{"href":"https:\/\/monbip.fr\/de\/wp-json\/wp\/v2\/product\/7907","targetHints":{"allow":["GET"]}}],"collection":[{"href":"https:\/\/monbip.fr\/de\/wp-json\/wp\/v2\/product"}],"about":[{"href":"https:\/\/monbip.fr\/de\/wp-json\/wp\/v2\/types\/product"}],"wp:featuredmedia":[{"embeddable":true,"href":"https:\/\/monbip.fr\/de\/wp-json\/wp\/v2\/media\/5909"}],"wp:attachment":[{"href":"https:\/\/monbip.fr\/de\/wp-json\/wp\/v2\/media?parent=7907"}],"wp:term":[{"taxonomy":"product_brand","embeddable":true,"href":"https:\/\/monbip.fr\/de\/wp-json\/wp\/v2\/product_brand?post=7907"},{"taxonomy":"product_cat","embeddable":true,"href":"https:\/\/monbip.fr\/de\/wp-json\/wp\/v2\/product_cat?post=7907"},{"taxonomy":"product_tag","embeddable":true,"href":"https:\/\/monbip.fr\/de\/wp-json\/wp\/v2\/product_tag?post=7907"}],"curies":[{"name":"wp","href":"https:\/\/api.w.org\/{rel}","templated":true}]}}