{"id":8121,"date":"2022-05-09T16:55:17","date_gmt":"2022-08-22T18:44:51","guid":{"rendered":"https:\/\/monbip.fr\/produit\/unkategorisiert\/schaltschrank-telcoma-t600\/"},"modified":"2022-08-26T18:52:38","modified_gmt":"2022-08-26T16:52:38","slug":"schaltschrank-telcoma-t600","status":"publish","type":"product","link":"https:\/\/monbip.fr\/de\/produkt\/schaltschraenke-de\/schaltschrank-telcoma-t600\/","title":{"rendered":"Schaltschrank Telcoma T600"},"content":{"rendered":"<p>\u2022 Wahlweise Anti-Quetsch-Regelung durch Encoder.<br \/>\n\u2022 Schrittfunktion \/ STOP.<br \/>\n\u2022 Automatische Schlie\u00dfm\u00f6glichkeit m\u00f6glich.<br \/>\n\u2022 Funktion f\u00fcr Fu\u00dfg\u00e4nger.<br \/>\n\u2022 Doppelte Fotozelle \/ Fototest.<br \/>\n\u2022Endschalter.<br \/>\n\u2022 Warnleuchte \/ H\u00f6flichkeitslampe.<br \/>\n\u2022 Elektronische Kraftregulierung.<br \/>\n\u2022 Stufenweise Abschaltung &#8211; Gemeinschaftsfunktion.<br \/>\n\u2022 Uhroption.<br \/>\nWasserschlag in der \u00d6ffnung.<br \/>\n\u2022 Elektroschloss.<br \/>\n\u2022 Externer Transformator.<br \/>\n\u2022 Sicherheitsbandverbindung.<br \/>\n\u2022 Garagenlichtanschluss.<br \/>\n\u2022 PRG-Link-Verbindung.<br \/>\n\u2022 Hilfskanal f\u00fcr Bew\u00e4sserung oder Beleuchtung.<\/p>\n","protected":false},"excerpt":{"rendered":"<p>CARDIN (Telcoma) Bedienzentrale T600 f\u00fcr 1- oder 2-fl\u00fcgelige Fl\u00fcgeltore, 230V<\/p>\n","protected":false},"featured_media":8071,"template":"","meta":[],"product_brand":[],"product_cat":[216,200],"product_tag":[],"class_list":{"0":"post-8121","1":"product","2":"type-product","3":"status-publish","4":"has-post-thumbnail","6":"product_cat-schaltschraenke-de","7":"product_cat-armoires-de-commande","9":"first","10":"instock","11":"sale","12":"taxable","13":"shipping-taxable","14":"purchasable","15":"product-type-simple"},"_links":{"self":[{"href":"https:\/\/monbip.fr\/de\/wp-json\/wp\/v2\/product\/8121","targetHints":{"allow":["GET"]}}],"collection":[{"href":"https:\/\/monbip.fr\/de\/wp-json\/wp\/v2\/product"}],"about":[{"href":"https:\/\/monbip.fr\/de\/wp-json\/wp\/v2\/types\/product"}],"wp:featuredmedia":[{"embeddable":true,"href":"https:\/\/monbip.fr\/de\/wp-json\/wp\/v2\/media\/8071"}],"wp:attachment":[{"href":"https:\/\/monbip.fr\/de\/wp-json\/wp\/v2\/media?parent=8121"}],"wp:term":[{"taxonomy":"product_brand","embeddable":true,"href":"https:\/\/monbip.fr\/de\/wp-json\/wp\/v2\/product_brand?post=8121"},{"taxonomy":"product_cat","embeddable":true,"href":"https:\/\/monbip.fr\/de\/wp-json\/wp\/v2\/product_cat?post=8121"},{"taxonomy":"product_tag","embeddable":true,"href":"https:\/\/monbip.fr\/de\/wp-json\/wp\/v2\/product_tag?post=8121"}],"curies":[{"name":"wp","href":"https:\/\/api.w.org\/{rel}","templated":true}]}}