{"id":8140,"date":"2022-01-18T19:05:02","date_gmt":"2022-08-25T21:30:12","guid":{"rendered":"https:\/\/monbip.fr\/produit\/unkategorisiert\/aprimatic-revolux-45\/"},"modified":"2022-08-26T21:02:22","modified_gmt":"2022-08-26T19:02:22","slug":"aprimatic-revolux-45-2","status":"publish","type":"product","link":"https:\/\/monbip.fr\/de\/produkt\/motorisierter-rollladen-jalousie-metallvorhang\/aprimatic-revolux-45-2\/","title":{"rendered":"Aprimatic REVOLUX 45"},"content":{"rendered":"","protected":false},"excerpt":{"rendered":"<p>Antrieb mit 45 mm Durchmesser f\u00fcr kompakte Markisen. Mit leicht einstellbarem Endschaltersystem. Es verf\u00fcgt \u00fcber eine gro\u00dfe Auswahl an Zubeh\u00f6r, um die Installation an jeder Art von Markise zu gew\u00e4hrleisten<\/p>\n","protected":false},"featured_media":5380,"template":"","meta":[],"product_brand":[],"product_cat":[228,206],"product_tag":[272,273],"class_list":{"0":"post-8140","1":"product","2":"type-product","3":"status-publish","4":"has-post-thumbnail","6":"product_cat-motorisierter-rollladen-jalousie-metallvorhang","7":"product_cat-motorisation-volet-store-rideau-metallique","8":"product_tag-aprimatic-2","9":"product_tag-aprimatic-de","11":"first","12":"instock","13":"sale","14":"taxable","15":"shipping-taxable","16":"purchasable","17":"product-type-simple"},"_links":{"self":[{"href":"https:\/\/monbip.fr\/de\/wp-json\/wp\/v2\/product\/8140","targetHints":{"allow":["GET"]}}],"collection":[{"href":"https:\/\/monbip.fr\/de\/wp-json\/wp\/v2\/product"}],"about":[{"href":"https:\/\/monbip.fr\/de\/wp-json\/wp\/v2\/types\/product"}],"wp:featuredmedia":[{"embeddable":true,"href":"https:\/\/monbip.fr\/de\/wp-json\/wp\/v2\/media\/5380"}],"wp:attachment":[{"href":"https:\/\/monbip.fr\/de\/wp-json\/wp\/v2\/media?parent=8140"}],"wp:term":[{"taxonomy":"product_brand","embeddable":true,"href":"https:\/\/monbip.fr\/de\/wp-json\/wp\/v2\/product_brand?post=8140"},{"taxonomy":"product_cat","embeddable":true,"href":"https:\/\/monbip.fr\/de\/wp-json\/wp\/v2\/product_cat?post=8140"},{"taxonomy":"product_tag","embeddable":true,"href":"https:\/\/monbip.fr\/de\/wp-json\/wp\/v2\/product_tag?post=8140"}],"curies":[{"name":"wp","href":"https:\/\/api.w.org\/{rel}","templated":true}]}}