{"id":8147,"date":"2022-01-18T19:13:51","date_gmt":"2022-08-25T22:45:04","guid":{"rendered":"https:\/\/monbip.fr\/produit\/unkategorisiert\/autarkes-zaehl-und-kapazitaetskontrollsystem\/"},"modified":"2022-08-26T19:05:02","modified_gmt":"2022-08-26T17:05:02","slug":"autonomes-mess-und-kapazitatssteuersystem","status":"publish","type":"product","link":"https:\/\/monbip.fr\/de\/produkt\/automatisierung-de\/autonomes-mess-und-kapazitatssteuersystem\/","title":{"rendered":"Autarkes Z\u00e4hl- und Kapazit\u00e4tskontrollsystem"},"content":{"rendered":"<p>Das System beginnt mit dem Z\u00e4hlen der ein- oder austretenden Personen und aktiviert die Kontrollleuchte, um kontrollierten Zugang zu gew\u00e4hren oder zu stoppen.<br \/>\nStromversorgung 230\/12\/24V<\/p>\n<p>Schutzart IP54.<\/p>\n<p>Betriebstemperatur -20 \u00b0C bis + 55 \u00b0C<\/p>\n<p>24V LED-Ampel rot und gr\u00fcn, um die Kapazit\u00e4t zu kontrollieren. Verbrauch 36W.<\/p>\n","protected":false},"excerpt":{"rendered":"<p>Autonomer Betrieb. Geben Sie einfach \u00fcber die Tastatur die maximale Kapazit\u00e4t ein, mit der Sie auf die Anlage zugreifen m\u00f6chten.<br \/>\nDas System beginnt mit dem Z\u00e4hlen der ein- oder austretenden Personen und aktiviert die Kontrollleuchte, um kontrollierten Zugang zu gew\u00e4hren oder zu stoppen.<br \/>\nDas System erm\u00f6glicht es Ihnen, eine automatische T\u00fcr oder ein anderes automatisiertes Zugangssystem zu aktivieren oder zu deaktivieren, um das Verlassen zu erm\u00f6glichen und den Zugang zu verhindern, wenn die programmierte Kapazit\u00e4t erreicht ist.<\/p>\n","protected":false},"featured_media":7685,"template":"","meta":[],"product_brand":[],"product_cat":[218,205,211,214],"product_tag":[],"class_list":{"0":"post-8147","1":"product","2":"type-product","3":"status-publish","4":"has-post-thumbnail","6":"product_cat-automatisierung-de","7":"product_cat-accessoires","8":"product_cat-domotique","9":"product_cat-zubehoer-de","11":"first","12":"instock","13":"sale","14":"taxable","15":"shipping-taxable","16":"purchasable","17":"product-type-simple"},"_links":{"self":[{"href":"https:\/\/monbip.fr\/de\/wp-json\/wp\/v2\/product\/8147","targetHints":{"allow":["GET"]}}],"collection":[{"href":"https:\/\/monbip.fr\/de\/wp-json\/wp\/v2\/product"}],"about":[{"href":"https:\/\/monbip.fr\/de\/wp-json\/wp\/v2\/types\/product"}],"wp:featuredmedia":[{"embeddable":true,"href":"https:\/\/monbip.fr\/de\/wp-json\/wp\/v2\/media\/7685"}],"wp:attachment":[{"href":"https:\/\/monbip.fr\/de\/wp-json\/wp\/v2\/media?parent=8147"}],"wp:term":[{"taxonomy":"product_brand","embeddable":true,"href":"https:\/\/monbip.fr\/de\/wp-json\/wp\/v2\/product_brand?post=8147"},{"taxonomy":"product_cat","embeddable":true,"href":"https:\/\/monbip.fr\/de\/wp-json\/wp\/v2\/product_cat?post=8147"},{"taxonomy":"product_tag","embeddable":true,"href":"https:\/\/monbip.fr\/de\/wp-json\/wp\/v2\/product_tag?post=8147"}],"curies":[{"name":"wp","href":"https:\/\/api.w.org\/{rel}","templated":true}]}}