{"id":8151,"date":"2022-01-18T19:11:29","date_gmt":"2022-08-26T00:07:02","guid":{"rendered":"https:\/\/monbip.fr\/produit\/unkategorisiert\/vorhangmotor-acm-titan-240-101\/"},"modified":"2022-08-26T19:49:10","modified_gmt":"2022-08-26T17:49:10","slug":"vorhang-motor-acm-titan-240-101","status":"publish","type":"product","link":"https:\/\/monbip.fr\/de\/produkt\/motorisierter-rollladen-jalousie-metallvorhang\/vorhang-motor-acm-titan-240-101\/","title":{"rendered":"Vorhangmotor ACM TITAN 240\/101"},"content":{"rendered":"<p>Qualit\u00e4t ist der beste Weg, um weltweit zu fahren. Steuerung f\u00fcr Markisen bis 180 kg Gewicht, Kronenau\u00dfendurchmesser 240 mm, Ankerwellenachse 76 mm. Elektrische Bremse, f\u00fcr St\u00fctzwerk zum Verriegeln von Jalousien, Drehknopf, montiert. Aluminiumk\u00f6rper, mechanische Fusion mit Stahllegierungen in diesem Motor haben keine Kronen oder Kunststoffbeschl\u00e4ge dauerhafte Schmierung. Mit Lithium-Gleitmittel.<\/p>\n","protected":false},"excerpt":{"rendered":"<p>Getriebemotor f\u00fcr Automatisierungs-Rohrmotor ACM Titan 240\/101<\/p>\n","protected":false},"featured_media":7134,"template":"","meta":[],"product_brand":[],"product_cat":[228,206],"product_tag":[267,266],"class_list":{"0":"post-8151","1":"product","2":"type-product","3":"status-publish","4":"has-post-thumbnail","6":"product_cat-motorisierter-rollladen-jalousie-metallvorhang","7":"product_cat-motorisation-volet-store-rideau-metallique","8":"product_tag-acm-de","9":"product_tag-acm-2","11":"first","12":"instock","13":"sale","14":"taxable","15":"shipping-taxable","16":"purchasable","17":"product-type-simple"},"_links":{"self":[{"href":"https:\/\/monbip.fr\/de\/wp-json\/wp\/v2\/product\/8151","targetHints":{"allow":["GET"]}}],"collection":[{"href":"https:\/\/monbip.fr\/de\/wp-json\/wp\/v2\/product"}],"about":[{"href":"https:\/\/monbip.fr\/de\/wp-json\/wp\/v2\/types\/product"}],"wp:featuredmedia":[{"embeddable":true,"href":"https:\/\/monbip.fr\/de\/wp-json\/wp\/v2\/media\/7134"}],"wp:attachment":[{"href":"https:\/\/monbip.fr\/de\/wp-json\/wp\/v2\/media?parent=8151"}],"wp:term":[{"taxonomy":"product_brand","embeddable":true,"href":"https:\/\/monbip.fr\/de\/wp-json\/wp\/v2\/product_brand?post=8151"},{"taxonomy":"product_cat","embeddable":true,"href":"https:\/\/monbip.fr\/de\/wp-json\/wp\/v2\/product_cat?post=8151"},{"taxonomy":"product_tag","embeddable":true,"href":"https:\/\/monbip.fr\/de\/wp-json\/wp\/v2\/product_tag?post=8151"}],"curies":[{"name":"wp","href":"https:\/\/api.w.org\/{rel}","templated":true}]}}