{"id":8166,"date":"2022-01-18T19:05:02","date_gmt":"2022-08-26T15:22:21","guid":{"rendered":"https:\/\/monbip.fr\/produit\/unkategorisiert\/aprimatic-forty-65\/"},"modified":"2022-08-26T20:53:09","modified_gmt":"2022-08-26T18:53:09","slug":"aprimatic-vierzig-65","status":"publish","type":"product","link":"https:\/\/monbip.fr\/de\/produkt\/motorisierungen\/aprimatic-vierzig-65\/","title":{"rendered":"APRIMATIC FORTY 65"},"content":{"rendered":"<p>Erh\u00e4ltlich in den folgenden Versionen:<\/p>\n<p>B: Mit Verriegelung beim \u00d6ffnen und Schlie\u00dfen<br \/>\nA: Mit Blockierung nur beim \u00d6ffnen<br \/>\nC: Mit Blockierung nur beim Schlie\u00dfen<br \/>\nSF: Ohne zu blockieren<br \/>\nHR: Endschalter<\/p>\n<p>Fordern Sie Ihr Angebot an<\/p>\n","protected":false},"excerpt":{"rendered":"<p>Fl\u00fcgelt\u00fcrmotor.<\/p>\n<p>Hydraulischer Antrieb f\u00fcr Drehtore mit einem oder zwei Fl\u00fcgeln, Dauereinsatz. Geschwindigkeitsverz\u00f6gerung am Ende des Hubs. Integrierte Quetschschutzventile. Schnelle Notentriegelung. Nutzhub der Stange 270 mm und 390 mm. Schaftdurchmesser 20 mm.<\/p>\n<p>Leise und zuverl\u00e4ssig.<br \/>\nQuetschschutz-Sicherheitsventile.<br \/>\nModelle mit 270 mm oder 390 mm Hub.<br \/>\nAusf\u00fchrungen mit Blockierung in beide Richtungen, nur schlie\u00dfend, nur \u00f6ffnend, ohne Blockierung.<br \/>\nStangendurchmesser 20 m<\/p>\n","protected":false},"featured_media":5383,"template":"","meta":[],"product_brand":[],"product_cat":[222,224,207,202],"product_tag":[272,273],"class_list":{"0":"post-8166","1":"product","2":"type-product","3":"status-publish","4":"has-post-thumbnail","6":"product_cat-motorisierungen","7":"product_cat-drehtorantriebe","8":"product_cat-motorisation-portail-battant","9":"product_cat-motorisations","10":"product_tag-aprimatic-2","11":"product_tag-aprimatic-de","13":"first","14":"instock","15":"sale","16":"taxable","17":"shipping-taxable","18":"purchasable","19":"product-type-simple"},"_links":{"self":[{"href":"https:\/\/monbip.fr\/de\/wp-json\/wp\/v2\/product\/8166","targetHints":{"allow":["GET"]}}],"collection":[{"href":"https:\/\/monbip.fr\/de\/wp-json\/wp\/v2\/product"}],"about":[{"href":"https:\/\/monbip.fr\/de\/wp-json\/wp\/v2\/types\/product"}],"wp:featuredmedia":[{"embeddable":true,"href":"https:\/\/monbip.fr\/de\/wp-json\/wp\/v2\/media\/5383"}],"wp:attachment":[{"href":"https:\/\/monbip.fr\/de\/wp-json\/wp\/v2\/media?parent=8166"}],"wp:term":[{"taxonomy":"product_brand","embeddable":true,"href":"https:\/\/monbip.fr\/de\/wp-json\/wp\/v2\/product_brand?post=8166"},{"taxonomy":"product_cat","embeddable":true,"href":"https:\/\/monbip.fr\/de\/wp-json\/wp\/v2\/product_cat?post=8166"},{"taxonomy":"product_tag","embeddable":true,"href":"https:\/\/monbip.fr\/de\/wp-json\/wp\/v2\/product_tag?post=8166"}],"curies":[{"name":"wp","href":"https:\/\/api.w.org\/{rel}","templated":true}]}}