{"id":8169,"date":"2022-01-18T19:05:25","date_gmt":"2022-08-26T15:33:45","guid":{"rendered":"https:\/\/monbip.fr\/produit\/unkategorisiert\/schiebemotor-v2\/"},"modified":"2022-08-26T20:28:11","modified_gmt":"2022-08-26T18:28:11","slug":"schiebemotor-v2","status":"publish","type":"product","link":"https:\/\/monbip.fr\/de\/produkt\/motorisierungen\/schiebemotor-v2\/","title":{"rendered":"Schiebemotor v2"},"content":{"rendered":"","protected":false},"excerpt":{"rendered":"<p>Ge\u00f6lter Motor f\u00fcr Schiebet\u00fcr bei 230 VAC bis 1000 KG.<br \/>\nHalbintensive Nutzung ohne Schaltschrank<\/p>\n","protected":false},"featured_media":5503,"template":"","meta":[],"product_brand":[],"product_cat":[222,203,202,226],"product_tag":[],"class_list":{"0":"post-8169","1":"product","2":"type-product","3":"status-publish","4":"has-post-thumbnail","6":"product_cat-motorisierungen","7":"product_cat-motorisation-porte-de-garage","8":"product_cat-motorisations","9":"product_cat-motorisierung-von-garagentoren-de","11":"first","12":"instock","13":"taxable","14":"shipping-taxable","15":"product-type-simple"},"_links":{"self":[{"href":"https:\/\/monbip.fr\/de\/wp-json\/wp\/v2\/product\/8169","targetHints":{"allow":["GET"]}}],"collection":[{"href":"https:\/\/monbip.fr\/de\/wp-json\/wp\/v2\/product"}],"about":[{"href":"https:\/\/monbip.fr\/de\/wp-json\/wp\/v2\/types\/product"}],"wp:featuredmedia":[{"embeddable":true,"href":"https:\/\/monbip.fr\/de\/wp-json\/wp\/v2\/media\/5503"}],"wp:attachment":[{"href":"https:\/\/monbip.fr\/de\/wp-json\/wp\/v2\/media?parent=8169"}],"wp:term":[{"taxonomy":"product_brand","embeddable":true,"href":"https:\/\/monbip.fr\/de\/wp-json\/wp\/v2\/product_brand?post=8169"},{"taxonomy":"product_cat","embeddable":true,"href":"https:\/\/monbip.fr\/de\/wp-json\/wp\/v2\/product_cat?post=8169"},{"taxonomy":"product_tag","embeddable":true,"href":"https:\/\/monbip.fr\/de\/wp-json\/wp\/v2\/product_tag?post=8169"}],"curies":[{"name":"wp","href":"https:\/\/api.w.org\/{rel}","templated":true}]}}