{"id":8193,"date":"2022-01-18T19:13:02","date_gmt":"2022-08-27T22:48:17","guid":{"rendered":"https:\/\/monbip.fr\/produit\/unkategorisiert\/handsender-erreka-lira\/"},"modified":"2022-08-28T02:50:29","modified_gmt":"2022-08-28T00:50:29","slug":"handsender-erreka-lira","status":"publish","type":"product","link":"https:\/\/monbip.fr\/de\/produkt\/garagen-und-torfernbedienungen\/handsender-erreka-lira\/","title":{"rendered":"Handsender ERREKA LIRA"},"content":{"rendered":"<p>ERREKA, Modell LIRA mit 2 roten Kn\u00f6pfen. Die Frequenz dieser Fernbedienung betr\u00e4gt 433,92 MHz und die Codierung erfolgt durch ein Aufnahmesystem im Empf\u00e4nger<\/p>\n","protected":false},"excerpt":{"rendered":"<p>Handsender Erreka Lira Frequenz 433Mhz.<\/p>\n","protected":false},"featured_media":7449,"template":"","meta":[],"product_brand":[],"product_cat":[238,199],"product_tag":[242,243],"class_list":{"0":"post-8193","1":"product","2":"type-product","3":"status-publish","4":"has-post-thumbnail","6":"product_cat-garagen-und-torfernbedienungen","7":"product_cat-telecommandes-garage-et-portail","8":"product_tag-erreka-2","9":"product_tag-erreka-de","11":"first","12":"instock","13":"sale","14":"taxable","15":"shipping-taxable","16":"purchasable","17":"product-type-simple"},"_links":{"self":[{"href":"https:\/\/monbip.fr\/de\/wp-json\/wp\/v2\/product\/8193","targetHints":{"allow":["GET"]}}],"collection":[{"href":"https:\/\/monbip.fr\/de\/wp-json\/wp\/v2\/product"}],"about":[{"href":"https:\/\/monbip.fr\/de\/wp-json\/wp\/v2\/types\/product"}],"wp:featuredmedia":[{"embeddable":true,"href":"https:\/\/monbip.fr\/de\/wp-json\/wp\/v2\/media\/7449"}],"wp:attachment":[{"href":"https:\/\/monbip.fr\/de\/wp-json\/wp\/v2\/media?parent=8193"}],"wp:term":[{"taxonomy":"product_brand","embeddable":true,"href":"https:\/\/monbip.fr\/de\/wp-json\/wp\/v2\/product_brand?post=8193"},{"taxonomy":"product_cat","embeddable":true,"href":"https:\/\/monbip.fr\/de\/wp-json\/wp\/v2\/product_cat?post=8193"},{"taxonomy":"product_tag","embeddable":true,"href":"https:\/\/monbip.fr\/de\/wp-json\/wp\/v2\/product_tag?post=8193"}],"curies":[{"name":"wp","href":"https:\/\/api.w.org\/{rel}","templated":true}]}}