{"id":8197,"date":"2022-01-18T19:11:30","date_gmt":"2022-08-27T22:55:41","guid":{"rendered":"https:\/\/monbip.fr\/produit\/unkategorisiert\/elero-multitec-touch-868\/"},"modified":"2022-08-28T02:58:13","modified_gmt":"2022-08-28T00:58:13","slug":"elero-multitec-touch-868-2","status":"publish","type":"product","link":"https:\/\/monbip.fr\/de\/produkt\/automatisierung-de\/elero-multitec-touch-868-2\/","title":{"rendered":"ELERO MultiTec Touch-868"},"content":{"rendered":"<p>Die eingebaute Uhr erm\u00f6glicht viele Funktionen, wie z. B. Befehle, die durch astronomische Zeiten von Sonnenauf- und -untergang aktiviert werden, oder Zufallsprogrammierung. Nutzung der Bautechnik \u00fcber einen hochwertigen Touchscreen.<\/p>\n<p>Steuern Sie die Lichtverh\u00e4ltnisse mit einem einzigen Knopf und halten Sie sie im Sommer k\u00fchl und im Winter warm<\/p>\n<p>Die eingebaute Uhr erm\u00f6glicht eine Reihe weiterer Funktionen, wie z. B. die Aktivierung von Befehlen durch astronomische Sonnenauf- und -untergangszeiten oder die Zufallsprogrammierung. Das Feedback erfolgt in Form von Bildschirmsymbolen, die \u00fcber ein Zweiwege-Funksignal angezeigt werden.<\/p>\n","protected":false},"excerpt":{"rendered":"<p>Au\u00dfen edel, innen Hightech: elero pr\u00e4sentiert den neuen Mehrkanalsender f\u00fcr die Wandmontage MultiTec Touch-868. Es erm\u00f6glicht dank seines hochwertigen Touchscreens eine einfache und intuitive Bedienung Ihrer Bautechnik.<\/p>\n","protected":false},"featured_media":7161,"template":"","meta":[],"product_brand":[],"product_cat":[218,211,238,199],"product_tag":[],"class_list":{"0":"post-8197","1":"product","2":"type-product","3":"status-publish","4":"has-post-thumbnail","6":"product_cat-automatisierung-de","7":"product_cat-domotique","8":"product_cat-garagen-und-torfernbedienungen","9":"product_cat-telecommandes-garage-et-portail","11":"first","12":"instock","13":"sale","14":"taxable","15":"shipping-taxable","16":"purchasable","17":"product-type-simple"},"_links":{"self":[{"href":"https:\/\/monbip.fr\/de\/wp-json\/wp\/v2\/product\/8197","targetHints":{"allow":["GET"]}}],"collection":[{"href":"https:\/\/monbip.fr\/de\/wp-json\/wp\/v2\/product"}],"about":[{"href":"https:\/\/monbip.fr\/de\/wp-json\/wp\/v2\/types\/product"}],"wp:featuredmedia":[{"embeddable":true,"href":"https:\/\/monbip.fr\/de\/wp-json\/wp\/v2\/media\/7161"}],"wp:attachment":[{"href":"https:\/\/monbip.fr\/de\/wp-json\/wp\/v2\/media?parent=8197"}],"wp:term":[{"taxonomy":"product_brand","embeddable":true,"href":"https:\/\/monbip.fr\/de\/wp-json\/wp\/v2\/product_brand?post=8197"},{"taxonomy":"product_cat","embeddable":true,"href":"https:\/\/monbip.fr\/de\/wp-json\/wp\/v2\/product_cat?post=8197"},{"taxonomy":"product_tag","embeddable":true,"href":"https:\/\/monbip.fr\/de\/wp-json\/wp\/v2\/product_tag?post=8197"}],"curies":[{"name":"wp","href":"https:\/\/api.w.org\/{rel}","templated":true}]}}