{"id":8198,"date":"2022-01-18T19:11:30","date_gmt":"2022-08-27T23:06:23","guid":{"rendered":"https:\/\/monbip.fr\/produit\/unkategorisiert\/handsender-elero-astrotec-868-bidi\/"},"modified":"2022-08-28T02:59:01","modified_gmt":"2022-08-28T00:59:01","slug":"handsender-elero-astrotec-868-bidi","status":"publish","type":"product","link":"https:\/\/monbip.fr\/de\/produkt\/automatisierung-de\/handsender-elero-astrotec-868-bidi\/","title":{"rendered":"Handsender ELERO AstroTec-868 bidi"},"content":{"rendered":"<ul>\n<li>Integrierte Uhr<\/li>\n<li>Einzel-, Gruppen- oder Zentralsteuerger\u00e4t<\/li>\n<li>bidirektional<\/li>\n<li>Astro-Funktion<\/li>\n<li>Manuelle\/automatische Umschaltung<\/li>\n<li>Es besteht die M\u00f6glichkeit einen Lichtsensor anzuschlie\u00dfen<\/li>\n<li>868 MHz Funkfrequenz f\u00fcr zuverl\u00e4ssige \u00dcbertragung<\/li>\n<\/ul>\n<p>&nbsp;<\/p>\n","protected":false},"excerpt":{"rendered":"<p>Fernbedienung ELERO AstroTec-868 bidi Referenz: <strong>28 320.0006<\/strong><\/p>\n<p>Bei AstroTec-868 bidi sind nur Funkfernbedienungen m\u00f6glich<\/p>\n","protected":false},"featured_media":7155,"template":"","meta":[],"product_brand":[],"product_cat":[218,211,238,199],"product_tag":[],"class_list":{"0":"post-8198","1":"product","2":"type-product","3":"status-publish","4":"has-post-thumbnail","6":"product_cat-automatisierung-de","7":"product_cat-domotique","8":"product_cat-garagen-und-torfernbedienungen","9":"product_cat-telecommandes-garage-et-portail","11":"first","12":"instock","13":"sale","14":"taxable","15":"shipping-taxable","16":"purchasable","17":"product-type-simple"},"_links":{"self":[{"href":"https:\/\/monbip.fr\/de\/wp-json\/wp\/v2\/product\/8198","targetHints":{"allow":["GET"]}}],"collection":[{"href":"https:\/\/monbip.fr\/de\/wp-json\/wp\/v2\/product"}],"about":[{"href":"https:\/\/monbip.fr\/de\/wp-json\/wp\/v2\/types\/product"}],"wp:featuredmedia":[{"embeddable":true,"href":"https:\/\/monbip.fr\/de\/wp-json\/wp\/v2\/media\/7155"}],"wp:attachment":[{"href":"https:\/\/monbip.fr\/de\/wp-json\/wp\/v2\/media?parent=8198"}],"wp:term":[{"taxonomy":"product_brand","embeddable":true,"href":"https:\/\/monbip.fr\/de\/wp-json\/wp\/v2\/product_brand?post=8198"},{"taxonomy":"product_cat","embeddable":true,"href":"https:\/\/monbip.fr\/de\/wp-json\/wp\/v2\/product_cat?post=8198"},{"taxonomy":"product_tag","embeddable":true,"href":"https:\/\/monbip.fr\/de\/wp-json\/wp\/v2\/product_tag?post=8198"}],"curies":[{"name":"wp","href":"https:\/\/api.w.org\/{rel}","templated":true}]}}