{"id":8200,"date":"2022-01-18T19:11:30","date_gmt":"2022-08-27T23:10:12","guid":{"rendered":"https:\/\/monbip.fr\/produit\/unkategorisiert\/handsender-elero-monotel-2\/"},"modified":"2022-08-28T03:01:11","modified_gmt":"2022-08-28T01:01:11","slug":"handsender-elero-monotel-2","status":"publish","type":"product","link":"https:\/\/monbip.fr\/de\/produkt\/automatisierung-de\/handsender-elero-monotel-2\/","title":{"rendered":"Handsender ELERO MonoTel 2"},"content":{"rendered":"","protected":false},"excerpt":{"rendered":"<ul>\n<li>Einkanalige manuelle Funkfernbedienung<\/li>\n<li>Einsetzbar als Einzel-, Gruppen- oder Zentralsender<\/li>\n<li>Unidirektional und bidirektional<\/li>\n<li>Gro\u00dfe Auf-, Ab- und Stopp-Tasten<\/li>\n<li>868 MHz Funkfrequenz f\u00fcr zuverl\u00e4ssige \u00dcbertragung<\/li>\n<\/ul>\n","protected":false},"featured_media":7149,"template":"","meta":[],"product_brand":[],"product_cat":[218,211,238,199],"product_tag":[],"class_list":{"0":"post-8200","1":"product","2":"type-product","3":"status-publish","4":"has-post-thumbnail","6":"product_cat-automatisierung-de","7":"product_cat-domotique","8":"product_cat-garagen-und-torfernbedienungen","9":"product_cat-telecommandes-garage-et-portail","11":"first","12":"instock","13":"sale","14":"taxable","15":"shipping-taxable","16":"purchasable","17":"product-type-simple"},"_links":{"self":[{"href":"https:\/\/monbip.fr\/de\/wp-json\/wp\/v2\/product\/8200","targetHints":{"allow":["GET"]}}],"collection":[{"href":"https:\/\/monbip.fr\/de\/wp-json\/wp\/v2\/product"}],"about":[{"href":"https:\/\/monbip.fr\/de\/wp-json\/wp\/v2\/types\/product"}],"wp:featuredmedia":[{"embeddable":true,"href":"https:\/\/monbip.fr\/de\/wp-json\/wp\/v2\/media\/7149"}],"wp:attachment":[{"href":"https:\/\/monbip.fr\/de\/wp-json\/wp\/v2\/media?parent=8200"}],"wp:term":[{"taxonomy":"product_brand","embeddable":true,"href":"https:\/\/monbip.fr\/de\/wp-json\/wp\/v2\/product_brand?post=8200"},{"taxonomy":"product_cat","embeddable":true,"href":"https:\/\/monbip.fr\/de\/wp-json\/wp\/v2\/product_cat?post=8200"},{"taxonomy":"product_tag","embeddable":true,"href":"https:\/\/monbip.fr\/de\/wp-json\/wp\/v2\/product_tag?post=8200"}],"curies":[{"name":"wp","href":"https:\/\/api.w.org\/{rel}","templated":true}]}}