{"id":8264,"date":"2022-08-28T14:44:31","date_gmt":"2022-08-28T12:44:31","guid":{"rendered":"https:\/\/monbip.fr\/?post_type=product&#038;p=8264"},"modified":"2025-12-17T20:25:58","modified_gmt":"2025-12-17T18:25:58","slug":"dea-net230n-c","status":"publish","type":"product","link":"https:\/\/monbip.fr\/de\/produkt\/schaltschraenke-de\/dea-net230n-c\/","title":{"rendered":"DEA NET230N\/C"},"content":{"rendered":"<p>S\u00e9lection en une seule \u00e9tape, du type de moteur utilis\u00e9<br \/>\n(coulissante, battante, basculante, barri\u00e8re, porte sectionnelle,<br \/>\nborne), avec configuration automatique de toutes les entr\u00e9es\/<br \/>\nsorties et param\u00e8tres d&#8217;utilisation. R\u00e9glages d&#8217;usine<br \/>\npour portes battantes.<\/p>\n<p>Proc\u00e9dure d&#8217;auto-apprentissage simplifi\u00e9e. R\u00e9cepteur radio 433 MHz int\u00e9gr\u00e9, avec m\u00e9moire pour 100 commandes (codage \u00e0 code fixe ou code tournant)<\/p>\n","protected":false},"excerpt":{"rendered":"<p>Armoire de commande DEA NET230N\/C avec \u00e9cran et boitier pour 1 ou 2 moteurs \u00e0 230V AC, avec ou sans encodeur magn\u00e9tique.<\/p>\n<p>&nbsp;<\/p>\n","protected":false},"featured_media":8265,"template":"","meta":[],"product_brand":[],"product_cat":[200],"product_tag":[],"class_list":{"0":"post-8264","1":"product","2":"type-product","3":"status-publish","4":"has-post-thumbnail","6":"product_cat-armoires-de-commande","8":"first","9":"instock","10":"sale","11":"taxable","12":"shipping-taxable","13":"purchasable","14":"product-type-simple"},"_links":{"self":[{"href":"https:\/\/monbip.fr\/de\/wp-json\/wp\/v2\/product\/8264","targetHints":{"allow":["GET"]}}],"collection":[{"href":"https:\/\/monbip.fr\/de\/wp-json\/wp\/v2\/product"}],"about":[{"href":"https:\/\/monbip.fr\/de\/wp-json\/wp\/v2\/types\/product"}],"wp:featuredmedia":[{"embeddable":true,"href":"https:\/\/monbip.fr\/de\/wp-json\/wp\/v2\/media\/8265"}],"wp:attachment":[{"href":"https:\/\/monbip.fr\/de\/wp-json\/wp\/v2\/media?parent=8264"}],"wp:term":[{"taxonomy":"product_brand","embeddable":true,"href":"https:\/\/monbip.fr\/de\/wp-json\/wp\/v2\/product_brand?post=8264"},{"taxonomy":"product_cat","embeddable":true,"href":"https:\/\/monbip.fr\/de\/wp-json\/wp\/v2\/product_cat?post=8264"},{"taxonomy":"product_tag","embeddable":true,"href":"https:\/\/monbip.fr\/de\/wp-json\/wp\/v2\/product_tag?post=8264"}],"curies":[{"name":"wp","href":"https:\/\/api.w.org\/{rel}","templated":true}]}}