{"id":8381,"date":"2022-10-03T17:12:44","date_gmt":"2022-10-03T15:12:44","guid":{"rendered":"https:\/\/monbip.fr\/?post_type=product&#038;p=8381"},"modified":"2025-04-18T14:34:15","modified_gmt":"2025-04-18T12:34:15","slug":"v2-easy2","status":"publish","type":"product","link":"https:\/\/monbip.fr\/de\/produkt\/schaltschraenke-de\/v2-easy2\/","title":{"rendered":"V2 EASY2"},"content":{"rendered":"<div class=\"prodotti-dettaglio-tab-caratteristiche-tecniche-tabella-contenuti\">Alimentation: 230 &#8211; 50 <b>V \/ Hz<\/b><\/div>\n<div class=\"prodotti-dettaglio-tab-caratteristiche-tecniche-tabella-contenuti\">Charge maxi des moteurs: 700 W<\/div>\n<div class=\"prodotti-dettaglio-tab-caratteristiche-tecniche-tabella-contenuti\">Charge maxi accessoires aliment\u00e9s \u00e0 24V: 3 W<\/div>\n<div class=\"prodotti-dettaglio-tab-caratteristiche-tecniche-tabella-contenuti\">Temp\u00e9rature de fonctionnement: -20 \u00f7 +60 <b>\u00b0C<\/b><\/div>\n<div class=\"prodotti-dettaglio-tab-caratteristiche-tecniche-tabella-contenuti\">Dimensions: 170 x 185 x 70 mm<\/div>\n<div class=\"prodotti-dettaglio-tab-caratteristiche-tecniche-tabella-contenuti\">Poids: 0,800<\/div>\n<div class=\"prodotti-dettaglio-tab-caratteristiche-tecniche-tabella-contenuti\">Degr\u00e9 de protection: <b>IP <\/b>55<\/div>\n","protected":false},"excerpt":{"rendered":"<div class=\"wpb_column vc_column_container vc_col-xs-12\">\n<div class=\"prodotti-dettaglio-punti-di-forza-titolo\">\u2022 Configuration et programmation par trimmer et commutateur DIP<\/div>\n<\/div>\n<div class=\"wpb_column vc_column_container vc_col-xs-12 prodotti-dettaglio-plus-colonna\">\n<div><span class=\"prodotti-dettaglio-plus-contenuto\">\u2022 Alimentation pour 1 moteur monophas\u00e9 230V<br \/>\n<\/span><\/div>\n<\/div>\n<div class=\"wpb_column vc_column_container vc_col-xs-12 prodotti-dettaglio-plus-colonna\">\n<div><span class=\"prodotti-dettaglio-plus-contenuto\">\u2022 Connecteur rapide pour r\u00e9cepteur embrochable MR2<br \/>\n<\/span><\/div>\n<\/div>\n<div class=\"wpb_column vc_column_container vc_col-xs-12 prodotti-dettaglio-plus-colonna\">\n<div><span class=\"prodotti-dettaglio-plus-contenuto\">\u2022 Entr\u00e9es de up, stop, down<br \/>\n<\/span><\/div>\n<\/div>\n<div class=\"wpb_column vc_column_container vc_col-xs-12 prodotti-dettaglio-plus-colonna\">\n<div><span class=\"prodotti-dettaglio-plus-contenuto\">\u2022 Gestion de up, stop, down et lumi\u00e8re de courtoisie par \u00e9metteur<br \/>\n<\/span><\/div>\n<\/div>\n<div class=\"wpb_column vc_column_container vc_col-xs-12 prodotti-dettaglio-plus-colonna\">\n<div><span class=\"prodotti-dettaglio-plus-contenuto\">\u2022 1 entr\u00e9e pour photocellules avec fonction d\u2019autotest<br \/>\n<\/span><\/div>\n<\/div>\n<div class=\"wpb_column vc_column_container vc_col-xs-12 prodotti-dettaglio-plus-colonna\">\n<div><span class=\"prodotti-dettaglio-plus-contenuto\">\u2022 1 entr\u00e9e pour barres palpeuses m\u00e9caniques, optiques ou de caoutchouc conducteur avec fonction d\u2019autotest<br \/>\n<\/span><\/div>\n<\/div>\n<div class=\"wpb_column vc_column_container vc_col-xs-12 prodotti-dettaglio-plus-colonna\">\n<div><span class=\"prodotti-dettaglio-plus-contenuto\">\u2022 Sortie clignotant 230V (utiliser les clignotants avec intermittence)<br \/>\n<\/span><\/div>\n<\/div>\n<div class=\"wpb_column vc_column_container vc_col-xs-12 prodotti-dettaglio-plus-colonna\">\n<div><span class=\"prodotti-dettaglio-plus-contenuto\">\u2022 Sortie pour lumi\u00e8re de courtoisie (g\u00e9rable aussi par \u00e9metteur)<br \/>\n<\/span><\/div>\n<\/div>\n<div class=\"wpb_column vc_column_container vc_col-xs-12 prodotti-dettaglio-plus-colonna\">\n<div><span class=\"prodotti-dettaglio-plus-contenuto\">\u2022 Test des dispositifs de s\u00e9curit\u00e9 avant chaque ouverture<br \/>\n<\/span><\/div>\n<\/div>\n<div class=\"wpb_column vc_column_container vc_col-xs-12 prodotti-dettaglio-plus-colonna\">\n<div><span class=\"prodotti-dettaglio-plus-contenuto\">\u2022 Visualisation de l\u2019\u00e9tat des entr\u00e9es par led<\/span><\/div>\n<\/div>\n","protected":false},"featured_media":8382,"template":"","meta":[],"product_brand":[],"product_cat":[200],"product_tag":[],"class_list":{"0":"post-8381","1":"product","2":"type-product","3":"status-publish","4":"has-post-thumbnail","6":"product_cat-armoires-de-commande","8":"first","9":"instock","10":"sale","11":"taxable","12":"shipping-taxable","13":"purchasable","14":"product-type-simple"},"_links":{"self":[{"href":"https:\/\/monbip.fr\/de\/wp-json\/wp\/v2\/product\/8381","targetHints":{"allow":["GET"]}}],"collection":[{"href":"https:\/\/monbip.fr\/de\/wp-json\/wp\/v2\/product"}],"about":[{"href":"https:\/\/monbip.fr\/de\/wp-json\/wp\/v2\/types\/product"}],"wp:featuredmedia":[{"embeddable":true,"href":"https:\/\/monbip.fr\/de\/wp-json\/wp\/v2\/media\/8382"}],"wp:attachment":[{"href":"https:\/\/monbip.fr\/de\/wp-json\/wp\/v2\/media?parent=8381"}],"wp:term":[{"taxonomy":"product_brand","embeddable":true,"href":"https:\/\/monbip.fr\/de\/wp-json\/wp\/v2\/product_brand?post=8381"},{"taxonomy":"product_cat","embeddable":true,"href":"https:\/\/monbip.fr\/de\/wp-json\/wp\/v2\/product_cat?post=8381"},{"taxonomy":"product_tag","embeddable":true,"href":"https:\/\/monbip.fr\/de\/wp-json\/wp\/v2\/product_tag?post=8381"}],"curies":[{"name":"wp","href":"https:\/\/api.w.org\/{rel}","templated":true}]}}