{"id":8414,"date":"2022-11-16T23:19:48","date_gmt":"2022-11-16T21:19:48","guid":{"rendered":"https:\/\/monbip.fr\/?post_type=product&#038;p=8414"},"modified":"2022-11-16T23:24:41","modified_gmt":"2022-11-16T21:24:41","slug":"clemsa-mutan-ii-nt-82-s","status":"publish","type":"product","link":"https:\/\/monbip.fr\/de\/produkt\/garagen-und-torfernbedienungen\/clemsa-mutan-ii-nt-82-s\/","title":{"rendered":"CLEMSA MUTAN II NT 82 S"},"content":{"rendered":"<p>La t\u00e9l\u00e9commande de garage CLEMSA MUTAN II NT 82 offre la qualit\u00e9 et la plus haute s\u00e9curit\u00e9 avec une t\u00e9l\u00e9commande pratique \u00e0 2 canaux \u00e0 fr\u00e9quence 868 MHz.Elle permet de programmer jusqu&#8217;\u00e0 deux portes de garage et est compatible avec les r\u00e9cepteurs universels multifr\u00e9quences 12\/24 V et de marque CLEMSA avec la technologie MUTAN II. Sa technologie permet de neutraliser la possibilit\u00e9 de cloner la manette sans autorisation et utilise un double cryptage 256 bits.<\/p>\n","protected":false},"excerpt":{"rendered":"<p>La t\u00e9l\u00e9commande de garage CLEMSA MUTAN II NT 82 offre la qualit\u00e9 et la plus haute s\u00e9curit\u00e9 avec une t\u00e9l\u00e9commande pratique \u00e0 2 canaux \u00e0 fr\u00e9quence 868 MHz.Elle permet de programmer jusqu&#8217;\u00e0 deux portes de garage et est compatible avec les r\u00e9cepteurs universels multifr\u00e9quences 12\/24 V et de marque CLEMSA avec la technologie MUTAN II. [&hellip;]<\/p>\n","protected":false},"featured_media":8415,"template":"","meta":[],"product_brand":[],"product_cat":[199],"product_tag":[],"class_list":{"0":"post-8414","1":"product","2":"type-product","3":"status-publish","4":"has-post-thumbnail","6":"product_cat-telecommandes-garage-et-portail","8":"first","9":"instock","10":"sale","11":"taxable","12":"shipping-taxable","13":"purchasable","14":"product-type-simple"},"_links":{"self":[{"href":"https:\/\/monbip.fr\/de\/wp-json\/wp\/v2\/product\/8414","targetHints":{"allow":["GET"]}}],"collection":[{"href":"https:\/\/monbip.fr\/de\/wp-json\/wp\/v2\/product"}],"about":[{"href":"https:\/\/monbip.fr\/de\/wp-json\/wp\/v2\/types\/product"}],"wp:featuredmedia":[{"embeddable":true,"href":"https:\/\/monbip.fr\/de\/wp-json\/wp\/v2\/media\/8415"}],"wp:attachment":[{"href":"https:\/\/monbip.fr\/de\/wp-json\/wp\/v2\/media?parent=8414"}],"wp:term":[{"taxonomy":"product_brand","embeddable":true,"href":"https:\/\/monbip.fr\/de\/wp-json\/wp\/v2\/product_brand?post=8414"},{"taxonomy":"product_cat","embeddable":true,"href":"https:\/\/monbip.fr\/de\/wp-json\/wp\/v2\/product_cat?post=8414"},{"taxonomy":"product_tag","embeddable":true,"href":"https:\/\/monbip.fr\/de\/wp-json\/wp\/v2\/product_tag?post=8414"}],"curies":[{"name":"wp","href":"https:\/\/api.w.org\/{rel}","templated":true}]}}