{"id":8424,"date":"2022-11-24T18:54:33","date_gmt":"2022-11-24T16:54:33","guid":{"rendered":"https:\/\/monbip.fr\/?post_type=product&#038;p=8424"},"modified":"2022-11-24T19:00:05","modified_gmt":"2022-11-24T17:00:05","slug":"recepteur-ditec-bixlr42","status":"publish","type":"product","link":"https:\/\/monbip.fr\/de\/produkt\/empfaenger-de\/recepteur-ditec-bixlr42\/","title":{"rendered":"R\u00e9cepteur DITEC BIXLR42"},"content":{"rendered":"<p>R\u00e9cepteur DITEC BIXLR42 433 MHz<br \/>\nR\u00e9cepteur \u00e0 quatre canaux, 12-24 V= jusqu&#8217;\u00e0 1000 codes m\u00e9morisables, fonctionnement des sorties configurable par commutateur DIP (3 sorties impulsion\/pas \u00e0 pas + 1 sortie impulsion\/temporis\u00e9e).<br \/>\nLivr\u00e9 avec module m\u00e9moire enfichable type BIX MR<\/p>\n<p>Compatible avec les armoires \u00a0de commande de la marque Ditec :<\/p>\n<p>Armoire de commande Ditec 70R<br \/>\nArmoire de commande Ditec 71R<br \/>\nArmoire de commande Ditec LOGIC M<br \/>\nArmoire de commande Ditec VIVA H<\/p>\n","protected":false},"excerpt":{"rendered":"<p>R\u00e9cepteur DITEC BIXLR42 433 MHz R\u00e9cepteur \u00e0 quatre canaux, 12-24 V= jusqu&#8217;\u00e0 1000 codes m\u00e9morisables, fonctionnement des sorties configurable par commutateur DIP (3 sorties impulsion\/pas \u00e0 pas + 1 sortie impulsion\/temporis\u00e9e). Livr\u00e9 avec module m\u00e9moire enfichable type BIX MR Compatible avec les armoires \u00a0de commande de la marque Ditec : Armoire de commande Ditec 70R [&hellip;]<\/p>\n","protected":false},"featured_media":8425,"template":"","meta":[],"product_brand":[],"product_cat":[209],"product_tag":[],"class_list":{"0":"post-8424","1":"product","2":"type-product","3":"status-publish","4":"has-post-thumbnail","6":"product_cat-recepteurs","8":"first","9":"instock","10":"sale","11":"taxable","12":"shipping-taxable","13":"purchasable","14":"product-type-simple"},"_links":{"self":[{"href":"https:\/\/monbip.fr\/de\/wp-json\/wp\/v2\/product\/8424","targetHints":{"allow":["GET"]}}],"collection":[{"href":"https:\/\/monbip.fr\/de\/wp-json\/wp\/v2\/product"}],"about":[{"href":"https:\/\/monbip.fr\/de\/wp-json\/wp\/v2\/types\/product"}],"wp:featuredmedia":[{"embeddable":true,"href":"https:\/\/monbip.fr\/de\/wp-json\/wp\/v2\/media\/8425"}],"wp:attachment":[{"href":"https:\/\/monbip.fr\/de\/wp-json\/wp\/v2\/media?parent=8424"}],"wp:term":[{"taxonomy":"product_brand","embeddable":true,"href":"https:\/\/monbip.fr\/de\/wp-json\/wp\/v2\/product_brand?post=8424"},{"taxonomy":"product_cat","embeddable":true,"href":"https:\/\/monbip.fr\/de\/wp-json\/wp\/v2\/product_cat?post=8424"},{"taxonomy":"product_tag","embeddable":true,"href":"https:\/\/monbip.fr\/de\/wp-json\/wp\/v2\/product_tag?post=8424"}],"curies":[{"name":"wp","href":"https:\/\/api.w.org\/{rel}","templated":true}]}}