{"id":8443,"date":"2022-11-29T17:34:37","date_gmt":"2022-11-29T15:34:37","guid":{"rendered":"https:\/\/monbip.fr\/?post_type=product&#038;p=8443"},"modified":"2024-05-06T00:08:24","modified_gmt":"2024-05-05T22:08:24","slug":"recepteur-externe-clemsa-rn44","status":"publish","type":"product","link":"https:\/\/monbip.fr\/de\/produkt\/empfaenger-de\/recepteur-externe-clemsa-rn44\/","title":{"rendered":"R\u00e9cepteur Externe CLEMSA RN44"},"content":{"rendered":"<table id=\"product-attribute-specs-table\" class=\"data-table table\">\n<tbody>\n<tr class=\"first odd\">\n<th>Marque<\/th>\n<td class=\"last\">CLEMSA<\/td>\n<\/tr>\n<tr class=\"even\">\n<th>Utilisation<\/th>\n<td class=\"last\">Domestique, Communaut\u00e9, Industrielle<\/td>\n<\/tr>\n<tr class=\"odd\">\n<th>Alimentation<\/th>\n<td class=\"last\">230 VAC \u2013 12\/24 VAC\/DC<\/td>\n<\/tr>\n<tr class=\"even\">\n<th>Degr\u00e9 de protection<\/th>\n<td class=\"last\">IP 54<\/td>\n<\/tr>\n<tr class=\"odd\">\n<th>Emplacements de m\u00e9moire<\/th>\n<td class=\"last\">400<\/td>\n<\/tr>\n<tr class=\"even\">\n<th>Fr\u00e9quence<\/th>\n<td class=\"last\">433 MHz \/ 868 MHz<\/td>\n<\/tr>\n<tr class=\"last odd\">\n<th>Canaux<\/th>\n<td class=\"last\">4<\/td>\n<\/tr>\n<\/tbody>\n<\/table>\n","protected":false},"excerpt":{"rendered":"<p>Marque CLEMSA Utilisation Domestique, Communaut\u00e9, Industrielle Alimentation 230 VAC \u2013 12\/24 VAC\/DC Degr\u00e9 de protection IP 54 Emplacements de m\u00e9moire 400 Fr\u00e9quence 433 MHz \/ 868 MHz Canaux 4<\/p>\n","protected":false},"featured_media":8444,"template":"","meta":[],"product_brand":[],"product_cat":[209],"product_tag":[],"class_list":{"0":"post-8443","1":"product","2":"type-product","3":"status-publish","4":"has-post-thumbnail","6":"product_cat-recepteurs","8":"first","9":"instock","10":"sale","11":"featured","12":"taxable","13":"shipping-taxable","14":"purchasable","15":"product-type-simple"},"_links":{"self":[{"href":"https:\/\/monbip.fr\/de\/wp-json\/wp\/v2\/product\/8443","targetHints":{"allow":["GET"]}}],"collection":[{"href":"https:\/\/monbip.fr\/de\/wp-json\/wp\/v2\/product"}],"about":[{"href":"https:\/\/monbip.fr\/de\/wp-json\/wp\/v2\/types\/product"}],"wp:featuredmedia":[{"embeddable":true,"href":"https:\/\/monbip.fr\/de\/wp-json\/wp\/v2\/media\/8444"}],"wp:attachment":[{"href":"https:\/\/monbip.fr\/de\/wp-json\/wp\/v2\/media?parent=8443"}],"wp:term":[{"taxonomy":"product_brand","embeddable":true,"href":"https:\/\/monbip.fr\/de\/wp-json\/wp\/v2\/product_brand?post=8443"},{"taxonomy":"product_cat","embeddable":true,"href":"https:\/\/monbip.fr\/de\/wp-json\/wp\/v2\/product_cat?post=8443"},{"taxonomy":"product_tag","embeddable":true,"href":"https:\/\/monbip.fr\/de\/wp-json\/wp\/v2\/product_tag?post=8443"}],"curies":[{"name":"wp","href":"https:\/\/api.w.org\/{rel}","templated":true}]}}