{"id":8497,"date":"2023-01-24T18:15:28","date_gmt":"2023-01-24T16:15:28","guid":{"rendered":"https:\/\/monbip.fr\/?post_type=product&#038;p=8497"},"modified":"2024-08-26T00:19:34","modified_gmt":"2024-08-25T22:19:34","slug":"kit-moteur-came-amico-24v-001u6111","status":"publish","type":"product","link":"https:\/\/monbip.fr\/de\/produkt\/tor-oder-garagenmotor-kit-de\/kit-moteur-came-amico-24v-001u6111\/","title":{"rendered":"Kit Moteur CAME AMICO 24v 001u6111"},"content":{"rendered":"<p>&#8211; Largeur max. longueur de la lame : 1,8 m<br \/>\n&#8211; Poids maximum de t\u00f4le : 250 kg<br \/>\n&#8211; a des interrupteurs de fin de course<br \/>\n&#8211; Technologie 24V gr\u00e2ce \u00e0 laquelle le moteur est capable de fonctionner en cycles intensifs<br \/>\n&#8211; moteur d&#8217;entretien facile<br \/>\n&#8211; bo\u00eetier robuste en fonte d&#8217;aluminium<br \/>\n&#8211; technologie d&#8217;encodeur pour la d\u00e9tection d&#8217;obstacles<br \/>\n-fonction d&#8217;auto-apprentissage de la trajectoire de d\u00e9placement du moteur<br \/>\n&#8211; m\u00e9canisme d&#8217;urgence qui permet de d\u00e9verrouiller le moteur \u00e0 l&#8217;aide d&#8217;une cl\u00e9 triangulaire, ou de l&#8217;ouvrir et de le fermer facilement \u00e0 la main<br \/>\n&#8211; compatible avec l&#8217;unit\u00e9 de contr\u00f4le ZL92<\/p>\n<p>&nbsp;<\/p>\n<p>Contenu du KIT :<br \/>\n&#8211; 2x moteur CAME AMICO 24V<br \/>\n&#8211; 1x unit\u00e9 de contr\u00f4le ZL92<br \/>\n&#8211; 1 r\u00e9cepteur radio AF43S<br \/>\n&#8211; 2x t\u00e9l\u00e9commande CAME TOP 432EV<br \/>\n&#8211; 1 photocellule CAME<br \/>\n&#8211; 1 x Clignotants CAME<br \/>\n&#8211; 1 x support d&#8217;arr\u00eat<\/p>\n","protected":false},"excerpt":{"rendered":"<p>Motor\u00e9ducteur irr\u00e9versible pour portails battants jusqu&#8217;\u00e0 2,2 m par vantail.<\/p>\n","protected":false},"featured_media":8498,"template":"","meta":[],"product_brand":[],"product_cat":[208],"product_tag":[],"class_list":{"0":"post-8497","1":"product","2":"type-product","3":"status-publish","4":"has-post-thumbnail","6":"product_cat-kit-moteur-portail-ou-garage","8":"first","9":"instock","10":"sale","11":"taxable","12":"shipping-taxable","13":"purchasable","14":"product-type-simple"},"_links":{"self":[{"href":"https:\/\/monbip.fr\/de\/wp-json\/wp\/v2\/product\/8497","targetHints":{"allow":["GET"]}}],"collection":[{"href":"https:\/\/monbip.fr\/de\/wp-json\/wp\/v2\/product"}],"about":[{"href":"https:\/\/monbip.fr\/de\/wp-json\/wp\/v2\/types\/product"}],"wp:featuredmedia":[{"embeddable":true,"href":"https:\/\/monbip.fr\/de\/wp-json\/wp\/v2\/media\/8498"}],"wp:attachment":[{"href":"https:\/\/monbip.fr\/de\/wp-json\/wp\/v2\/media?parent=8497"}],"wp:term":[{"taxonomy":"product_brand","embeddable":true,"href":"https:\/\/monbip.fr\/de\/wp-json\/wp\/v2\/product_brand?post=8497"},{"taxonomy":"product_cat","embeddable":true,"href":"https:\/\/monbip.fr\/de\/wp-json\/wp\/v2\/product_cat?post=8497"},{"taxonomy":"product_tag","embeddable":true,"href":"https:\/\/monbip.fr\/de\/wp-json\/wp\/v2\/product_tag?post=8497"}],"curies":[{"name":"wp","href":"https:\/\/api.w.org\/{rel}","templated":true}]}}