{"id":8554,"date":"2023-02-11T15:59:21","date_gmt":"2023-02-11T13:59:21","guid":{"rendered":"https:\/\/monbip.fr\/produit\/non%20class\u00e9\/moteur-v2-torq-230v-portails-jusqua-500-kg\/"},"modified":"2025-04-17T20:50:17","modified_gmt":"2025-04-17T18:50:17","slug":"moteur-v2-torq-230v-500-kg","status":"publish","type":"product","link":"https:\/\/monbip.fr\/de\/produkt\/motorisierungen\/motorisierung-von-garagentoren-de\/moteur-v2-torq-230v-500-kg\/","title":{"rendered":"Moteur V2 TORQ 230V portails jusqu\u2019\u00e0 500 Kg"},"content":{"rendered":"<p>Poids maxi portail:<br \/>\nAlimentation: 230 &#8211; 50<br \/>\nPuissance: 300<br \/>\nPignon: M4-Z15<br \/>\nPoids: 10<br \/>\nDegr\u00e9 de protection: ip44<br \/>\nTemp\u00e9rature de fonctionnement: -20 \u00f7 +55<br \/>\nPouss\u00e9e maxi: 450 N<\/p>\n<p>\u2022 Armoire de commande ANALOGIQUE<br \/>\n\u2022 R\u00e9cepteur 433.92 MHz int\u00e9gr\u00e9 (compatible s\u00e9par\u00e9ment avec les \u00e9metteurs de la s\u00e9rie PHOX)<br \/>\n\u2022 Auto-apprentissage des temps d&#8217;ouverture et de fermeture<br \/>\n\u2022 D\u00e9tection d&#8217;obstacles<br \/>\n\u2022 R\u00e9glages et programmation pour trimmer et dipswitch<br \/>\n\u2022 Fin de cours de m\u00e9canique<\/p>\n","protected":false},"excerpt":{"rendered":"<p>Moteur V2 TORQ 230V pour Portails jusqu\u2019\u00e0 500 Kg &#8211; armoire de commande ANALOGIQUE<br \/>\nREF. TORQ500A-230V, 23G003<\/p>\n","protected":false},"featured_media":8538,"template":"","meta":[],"product_brand":[],"product_cat":[226],"product_tag":[],"class_list":{"0":"post-8554","1":"product","2":"type-product","3":"status-publish","4":"has-post-thumbnail","6":"product_cat-motorisierung-von-garagentoren-de","8":"first","9":"instock","10":"sale","11":"taxable","12":"shipping-taxable","13":"purchasable","14":"product-type-simple"},"_links":{"self":[{"href":"https:\/\/monbip.fr\/de\/wp-json\/wp\/v2\/product\/8554","targetHints":{"allow":["GET"]}}],"collection":[{"href":"https:\/\/monbip.fr\/de\/wp-json\/wp\/v2\/product"}],"about":[{"href":"https:\/\/monbip.fr\/de\/wp-json\/wp\/v2\/types\/product"}],"wp:featuredmedia":[{"embeddable":true,"href":"https:\/\/monbip.fr\/de\/wp-json\/wp\/v2\/media\/8538"}],"wp:attachment":[{"href":"https:\/\/monbip.fr\/de\/wp-json\/wp\/v2\/media?parent=8554"}],"wp:term":[{"taxonomy":"product_brand","embeddable":true,"href":"https:\/\/monbip.fr\/de\/wp-json\/wp\/v2\/product_brand?post=8554"},{"taxonomy":"product_cat","embeddable":true,"href":"https:\/\/monbip.fr\/de\/wp-json\/wp\/v2\/product_cat?post=8554"},{"taxonomy":"product_tag","embeddable":true,"href":"https:\/\/monbip.fr\/de\/wp-json\/wp\/v2\/product_tag?post=8554"}],"curies":[{"name":"wp","href":"https:\/\/api.w.org\/{rel}","templated":true}]}}