{"id":8566,"date":"2023-02-11T21:40:28","date_gmt":"2023-02-11T19:40:28","guid":{"rendered":"https:\/\/monbip.fr\/produit\/non%20class\u00e9\/moteur-electromecanique-v2-nyk-24v\/"},"modified":"2025-04-17T20:33:18","modified_gmt":"2025-04-17T18:33:18","slug":"moteur-electromecanique-v2-nyk-24v","status":"publish","type":"product","link":"https:\/\/monbip.fr\/de\/produkt\/motorisierungen\/drehtorantriebe\/moteur-electromecanique-v2-nyk-24v\/","title":{"rendered":"Moteur \u00e9lectrom\u00e9canique V2 NYK 24V"},"content":{"rendered":"<p>Moteur \u00e9lectrom\u00e9canique V2 NYK 24V<\/p>\n<p>CARACT\u00c9RISTIQUES<\/p>\n<p>Longueur max de la lame : 2 m\u00e8tres<br \/>\nPoids max vantail : 250 kg<br \/>\nAlimentation : 24 V<br \/>\nAbsorption du vide : 0,4 A<br \/>\nAbsorption avec charge : 6 A<br \/>\nPuissance maximale : 80 W<br \/>\nTemps d\u2019ouverture 0\u00f790\u00b0 : 16 s<br \/>\nCourse maximale tra\u00een\u00e9e : 320 mm<br \/>\nVitesse de tra\u00een\u00e9e : 0,016 m\/s<br \/>\nPouss\u00e9e max : 1500 N<br \/>\nTemp\u00e9rature de fonctionnement : -20 \u00f7 +55 \u00baC<br \/>\nDegr\u00e9 de protection : IP44<br \/>\nCycle de service : 50 %<br \/>\nPoids : 6kg<\/p>\n","protected":false},"excerpt":{"rendered":"<p>Moteur \u00e9lectrom\u00e9canique 24V V2 NYK pour portails r\u00e9sidentiels jusqu&#8217;\u00e0 2m par vantail, \u00e9quip\u00e9 d&#8217;un arr\u00eat m\u00e9canique en ouverture.<\/p>\n","protected":false},"featured_media":8565,"template":"","meta":[],"product_brand":[],"product_cat":[224],"product_tag":[],"class_list":{"0":"post-8566","1":"product","2":"type-product","3":"status-publish","4":"has-post-thumbnail","6":"product_cat-drehtorantriebe","8":"first","9":"instock","10":"sale","11":"taxable","12":"shipping-taxable","13":"purchasable","14":"product-type-simple"},"_links":{"self":[{"href":"https:\/\/monbip.fr\/de\/wp-json\/wp\/v2\/product\/8566","targetHints":{"allow":["GET"]}}],"collection":[{"href":"https:\/\/monbip.fr\/de\/wp-json\/wp\/v2\/product"}],"about":[{"href":"https:\/\/monbip.fr\/de\/wp-json\/wp\/v2\/types\/product"}],"wp:featuredmedia":[{"embeddable":true,"href":"https:\/\/monbip.fr\/de\/wp-json\/wp\/v2\/media\/8565"}],"wp:attachment":[{"href":"https:\/\/monbip.fr\/de\/wp-json\/wp\/v2\/media?parent=8566"}],"wp:term":[{"taxonomy":"product_brand","embeddable":true,"href":"https:\/\/monbip.fr\/de\/wp-json\/wp\/v2\/product_brand?post=8566"},{"taxonomy":"product_cat","embeddable":true,"href":"https:\/\/monbip.fr\/de\/wp-json\/wp\/v2\/product_cat?post=8566"},{"taxonomy":"product_tag","embeddable":true,"href":"https:\/\/monbip.fr\/de\/wp-json\/wp\/v2\/product_tag?post=8566"}],"curies":[{"name":"wp","href":"https:\/\/api.w.org\/{rel}","templated":true}]}}