{"id":8570,"date":"2023-02-11T21:52:35","date_gmt":"2023-02-11T19:52:35","guid":{"rendered":"https:\/\/monbip.fr\/produit\/non%20class\u00e9\/moteur-electromecanique-v2-stark3-24v\/"},"modified":"2025-04-17T20:28:19","modified_gmt":"2025-04-17T18:28:19","slug":"moteur-electromecanique-v2-stark3-24v","status":"publish","type":"product","link":"https:\/\/monbip.fr\/de\/produkt\/motorisierungen\/drehtorantriebe\/moteur-electromecanique-v2-stark3-24v\/","title":{"rendered":"Moteur \u00e9lectrom\u00e9canique V2 STARK3 24V"},"content":{"rendered":"<p>Moteur \u00e9lectrom\u00e9canique V2 STARK3 24V<\/p>\n<p>\u2022 Equip\u00e9 avec but\u00e9e d\u2019ouverture m\u00e9canique<br \/>\n\u2022 Arr\u00eat de fermeture m\u00e9canique disponible en accessoire<br \/>\n\u2022 Version unique pour vantail droit ou gauche<br \/>\n\u2022 Supports de fixation r\u00e9glables pour acc\u00e9l\u00e9rer l\u2019installation du moteur<br \/>\n\u2022 But\u00e9e de fermeture m\u00e9canique disponible en accessoire. (non inclus)<\/p>\n","protected":false},"excerpt":{"rendered":"<p>V2 STARK3 actionneur \u00e9lectrom\u00e9canique irr\u00e9versible format 24V pour portails battants avec vantaux jusqu&#8217;\u00e0 3 m de long, id\u00e9al pour motoriser des portails \u00e0 usage r\u00e9sidentiel. \u00c9quip\u00e9 d&#8217;arr\u00eat d&#8217;ouverture m\u00e9canique.<\/p>\n","protected":false},"featured_media":8569,"template":"","meta":[],"product_brand":[],"product_cat":[224],"product_tag":[],"class_list":{"0":"post-8570","1":"product","2":"type-product","3":"status-publish","4":"has-post-thumbnail","6":"product_cat-drehtorantriebe","8":"first","9":"instock","10":"sale","11":"taxable","12":"shipping-taxable","13":"purchasable","14":"product-type-simple"},"_links":{"self":[{"href":"https:\/\/monbip.fr\/de\/wp-json\/wp\/v2\/product\/8570","targetHints":{"allow":["GET"]}}],"collection":[{"href":"https:\/\/monbip.fr\/de\/wp-json\/wp\/v2\/product"}],"about":[{"href":"https:\/\/monbip.fr\/de\/wp-json\/wp\/v2\/types\/product"}],"wp:featuredmedia":[{"embeddable":true,"href":"https:\/\/monbip.fr\/de\/wp-json\/wp\/v2\/media\/8569"}],"wp:attachment":[{"href":"https:\/\/monbip.fr\/de\/wp-json\/wp\/v2\/media?parent=8570"}],"wp:term":[{"taxonomy":"product_brand","embeddable":true,"href":"https:\/\/monbip.fr\/de\/wp-json\/wp\/v2\/product_brand?post=8570"},{"taxonomy":"product_cat","embeddable":true,"href":"https:\/\/monbip.fr\/de\/wp-json\/wp\/v2\/product_cat?post=8570"},{"taxonomy":"product_tag","embeddable":true,"href":"https:\/\/monbip.fr\/de\/wp-json\/wp\/v2\/product_tag?post=8570"}],"curies":[{"name":"wp","href":"https:\/\/api.w.org\/{rel}","templated":true}]}}