{"id":8579,"date":"2023-02-11T22:13:51","date_gmt":"2023-02-11T20:13:51","guid":{"rendered":"https:\/\/monbip.fr\/produit\/non%20class\u00e9\/moteur-electromecanique-v2-stark6-24v\/"},"modified":"2025-04-17T19:59:57","modified_gmt":"2025-04-17T17:59:57","slug":"moteur-electromecanique-v2-stark6-24v","status":"publish","type":"product","link":"https:\/\/monbip.fr\/de\/produkt\/motorisierungen\/drehtorantriebe\/moteur-electromecanique-v2-stark6-24v\/","title":{"rendered":"Moteur \u00e9lectrom\u00e9canique V2 STARK6 24V"},"content":{"rendered":"<p>Moteur \u00e9lectrom\u00e9canique V2 STARK6 24V<\/p>\n<p>\u25a0 \u00c9quip\u00e9 d&#8217;une fermeture m\u00e9canique \u00e0 ouverture et fermeture.<\/p>\n<p>\u25a0 Transmission m\u00e9canique robuste en acier et bronze pour une durabilit\u00e9 et une fiabilit\u00e9 maximales<\/p>\n<p>\u25a0 Poign\u00e9e de d\u00e9verrouillage en aluminium avec cl\u00e9 personnalis\u00e9e.<\/p>\n<p>\u25a0 Grand compartiment de raccordement situ\u00e9 sur le dessus du moteur.<\/p>\n","protected":false},"excerpt":{"rendered":"<p>Moteur \u00e9lectrom\u00e9canique irr\u00e9versible V2 STARK6 au format 24V pour portails battants avec vantaux jusqu&#8217;\u00e0 6m. Con\u00e7u pour motoriser des portes r\u00e9sidentielles ou de petites collectivit\u00e9s \u00e0 usage semi-intensif.<\/p>\n<p>&nbsp;<\/p>\n","protected":false},"featured_media":8578,"template":"","meta":[],"product_brand":[],"product_cat":[224],"product_tag":[],"class_list":{"0":"post-8579","1":"product","2":"type-product","3":"status-publish","4":"has-post-thumbnail","6":"product_cat-drehtorantriebe","8":"first","9":"instock","10":"sale","11":"taxable","12":"shipping-taxable","13":"purchasable","14":"product-type-simple"},"_links":{"self":[{"href":"https:\/\/monbip.fr\/de\/wp-json\/wp\/v2\/product\/8579","targetHints":{"allow":["GET"]}}],"collection":[{"href":"https:\/\/monbip.fr\/de\/wp-json\/wp\/v2\/product"}],"about":[{"href":"https:\/\/monbip.fr\/de\/wp-json\/wp\/v2\/types\/product"}],"wp:featuredmedia":[{"embeddable":true,"href":"https:\/\/monbip.fr\/de\/wp-json\/wp\/v2\/media\/8578"}],"wp:attachment":[{"href":"https:\/\/monbip.fr\/de\/wp-json\/wp\/v2\/media?parent=8579"}],"wp:term":[{"taxonomy":"product_brand","embeddable":true,"href":"https:\/\/monbip.fr\/de\/wp-json\/wp\/v2\/product_brand?post=8579"},{"taxonomy":"product_cat","embeddable":true,"href":"https:\/\/monbip.fr\/de\/wp-json\/wp\/v2\/product_cat?post=8579"},{"taxonomy":"product_tag","embeddable":true,"href":"https:\/\/monbip.fr\/de\/wp-json\/wp\/v2\/product_tag?post=8579"}],"curies":[{"name":"wp","href":"https:\/\/api.w.org\/{rel}","templated":true}]}}